{"id":11071,"date":"2025-05-28T07:56:26","date_gmt":"2025-05-28T07:56:26","guid":{"rendered":"https:\/\/greenwise.kanbox.vn\/?post_type=product&#038;p=11071"},"modified":"2025-08-09T12:12:00","modified_gmt":"2025-08-09T12:12:00","slug":"childrens-dha-180ct","status":"publish","type":"product","link":"https:\/\/greenwise.vn\/en\/san-pham\/childrens-dha-180ct\/","title":{"rendered":"Children&#8217;s DHA 180ct"},"content":{"rendered":"\r\n<p>Nordic Naturals l\u00e0 th\u01b0\u01a1ng hi\u1ec7u \u0111\u1ebfn t\u1eeb M\u1ef9 v\u1edbi g\u1ea7n 30 n\u0103m nghi\u00ean c\u1ee9u v\u00e0 ph\u00e1t tri\u1ec3n \u0111\u00e3 cho ra \u0111\u1eddi nhi\u1ec1u s\u1ea3n ph\u1ea9m ch\u1ea5t l\u01b0\u1ee3ng, hi\u1ec7n nay c\u00f3 m\u1eb7t t\u1ea1i h\u01a1n 35 qu\u1ed1c gia &amp; 6 ch\u00e2u l\u1ee5c. Omega-3 (DHA) v\u00e0 c\u00e1c d\u01b0\u1ee1ng ch\u1ea5t c\u01a1 b\u1ea3n kh\u00e1c c\u1ee7a Nordic Naturals \u0111\u00e3 \u0111\u1ea1t 138 gi\u1ea3i th\u01b0\u1edfng qu\u1ed1c t\u1ebf danh gi\u00e1 t\u1eeb qu\u00e1 tr\u00ecnh nghi\u00ean c\u1ee9u v\u00e0 ki\u1ec3m tra nghi\u00eam ng\u1eb7t, c\u00f4ng th\u1ee9c b\u00e0o ch\u1ebf t\u1eeb chuy\u00ean gia, \u0111\u01b0\u1ee3c ki\u1ec3m ch\u1ee9ng hi\u1ec7u qu\u1ea3 v\u00e0 tr\u00ean h\u1ebft l\u00e0 h\u01b0\u01a1ng v\u1ecb th\u01a1m ngon &amp; \u0111\u1ed9 tinh khi\u1ebft \u0111\u01b0\u1ee3c b\u00ean th\u1ee9 3 ki\u1ec3m \u0111\u1ecbnh \u1edf m\u1ed7i l\u00f4 s\u1ea3n ph\u1ea9m.<\/p>\r\n\r\n\r\n\r\n<figure class=\"wp-block-image\"><img decoding=\"async\" src=\"https:\/\/down-vn.img.susercontent.com\/file\/vn-11134208-7ras8-m4sdtci022pibd\" alt=\"\" \/><\/figure>\r\n\r\n\r\n\r\n<p>1. TH\u00d4NG TIN S\u1ea2N PH\u1ea8M<\/p>\r\n\r\n\r\n\r\n<p>&#8211; Th\u01b0\u01a1ng hi\u1ec7u: Nordic Naturals<\/p>\r\n\r\n\r\n\r\n<p>&#8211; Xu\u1ea5t x\u1ee9: Hoa K\u1ef3<\/p>\r\n\r\n\r\n\r\n<p>&#8211; Quy c\u00e1ch: H\u1ed9p 1 l\u1ecd x 180 vi\u00ean nang m\u1ec1m<\/p>\r\n\r\n\r\n\r\n<p>&#8211; HSD: xem tr\u00ean bao b\u00ec s\u1ea3n ph\u1ea9m<\/p>\r\n\r\n\r\n\r\n<p>2. \u01afU \u0110I\u1ec2M N\u1ed4I B\u1eacT C\u1ee6A S\u1ea2N PH\u1ea8M<\/p>\r\n\r\n\r\n\r\n<p>&#8211; Theo th\u1ed1ng k\u00ea c\u1ee7a SPINS data, Nordic Naturals l\u00e0 th\u01b0\u01a1ng hi\u1ec7u Omega-3 (DHA) b\u00e1n ch\u1ea1y s\u1ed1 1 t\u1ea1i Hoa K\u1ef3.<\/p>\r\n\r\n\r\n\r\n<p>&#8211; Ngu\u1ed3n nguy\u00ean li\u1ec7u t\u1ef1 nhi\u00ean: 100% chi\u1ebft xu\u1ea5t t\u1eeb d\u1ea7u gan c\u00e1 tuy\u1ebft B\u1eafc C\u1ef1c hoang d\u00e3 \u1edf bi\u1ec3n l\u1ea1nh Nauy.<\/p>\r\n\r\n\r\n\r\n<p>&#8211; C\u00f4ng ngh\u1ec7 s\u1ea3n xu\u1ea5t hi\u1ec7n \u0111\u1ea1i b\u1eadc nh\u1ea5t: quy tr\u00ecnh ch\u01b0ng c\u1ea5t ph\u00e2n t\u1eed \u1edf nhi\u1ec7t \u0111\u1ed9 th\u1ea5p v\u00e0 trong m\u00f4i tr\u01b0\u1eddng kh\u00f4ng c\u00f3 oxy \u0111\u1ec3 mang l\u1ea1i \u0111\u1ed9 t\u01b0\u01a1i v\u00e0 \u0111\u1ed9 tinh khi\u1ebft v\u01b0\u1ee3t tr\u1ed9i, \u0111\u1ea3m b\u1ea3o lo\u1ea1i b\u1ecf h\u1ebft c\u00e1c kim lo\u1ea1i n\u1eb7ng, dioxin v\u00e0 c\u00e1c ch\u1ea5t \u0111\u1ed9c kh\u00e1c c\u0169ng nh\u01b0 gi\u00fap s\u1ea3n ph\u1ea9m kh\u00f4ng c\u00f3 m\u00f9i tanh kh\u00f3 ch\u1ecbu.<\/p>\r\n\r\n\r\n\r\n<p>&#8211; Tr\u00ean 90% Omega-3 \u1edf d\u1ea1ng triglycerid &#8211; \u0111\u00e2y l\u00e0 d\u1ea1ng t\u1ef1 nhi\u00ean c\u01a1 th\u1ec3 d\u1ec5 h\u1ea5p thu nh\u1ea5t, \u0111\u1ea3m b\u1ea3o kh\u1ea3 n\u0103ng h\u1ea5p thu t\u1ed1i \u01b0u\u2014cao h\u01a1n t\u1edbi 70% so v\u1edbi c\u00e1c s\u1ea3n ph\u1ea9m kh\u00e1c \u1edf d\u1ea1ng ethyl ester.<\/p>\r\n\r\n\r\n\r\n<p>&#8211; T\u1ea5t c\u1ea3 c\u00e1c l\u00f4 s\u1ea3n ph\u1ea9m c\u1ee7a Nordic Naturals \u0111\u1ec1u \u0111\u01b0\u1ee3c c\u00e1c t\u1ed5 ch\u1ee9c th\u1ee9 ba uy t\u00edn ki\u1ec3m \u0111\u1ecbnh ch\u1ea5t l\u01b0\u1ee3ng tr\u01b0\u1edbc khi xu\u1ea5t x\u01b0\u1edfng. B\u1ea1n ch\u1ec9 c\u1ea7n qu\u00e9t m\u00e3 QR tr\u00ean bao b\u00ec s\u1ea3n ph\u1ea9m l\u00e0 c\u00f3 th\u1ec3 truy c\u1eadp v\u00e0o k\u1ebft qu\u1ea3 ki\u1ec3m \u0111\u1ecbnh (Certificate of Analysis) \u0111\u1ec3 ki\u1ec3m tra th\u00f4ng tin ch\u1ea5t l\u01b0\u1ee3ng s\u1ea3n ph\u1ea9m m\u1ed9t c\u00e1ch nhanh ch\u00f3ng.<\/p>\r\n\r\n\r\n\r\n<p>&#8211; S\u1ea3n ph\u1ea9m \u0111\u01b0\u1ee3c b\u00e0o ch\u1ebf d\u1ea1ng vi\u00ean nang m\u1ec1m nh\u1ecf, d\u1ec5 nhai, c\u00f3 h\u01b0\u01a1ng v\u1ecb d\u00e2u th\u01a1m ngon kh\u00f4ng c\u00f2n m\u00f9i tanh c\u1ee7a d\u1ea7u c\u00e1.<\/p>\r\n\r\n\r\n\r\n<p>3. TH\u00c0NH PH\u1ea6N CH\u00cdNH<\/p>\r\n\r\n\r\n\r\n<p>&#8211; M\u1ed7i 4 vi\u00ean nang m\u1ec1m c\u00f3 ch\u1ee9a: D\u1ea7u gan c\u00e1 tuy\u1ebft B\u1eafc C\u1ef1c tinh khi\u1ebft (120mg DHA &amp; 80mg EPA)<\/p>\r\n\r\n\r\n\r\n<p>&#8211; S\u1ea3n ph\u1ea9m kh\u00f4ng ch\u1ee9a: gluten, ch\u1ebf ph\u1ea9m t\u1eeb s\u1eefa, ch\u1ea5t t\u1ea1o m\u00e0u ho\u1eb7c t\u1ea1o v\u1ecb nh\u00e2n t\u1ea1o.<\/p>\r\n\r\n\r\n\r\n<p>4. C\u00d4NG D\u1ee4NG<\/p>\r\n\r\n\r\n\r\n<p>&#8211; Ph\u00e1t tri\u1ec3n n\u00e3o b\u1ed9 v\u00e0 th\u1ecb gi\u00e1c.<\/p>\r\n\r\n\r\n\r\n<p>&#8211; H\u1ed7 tr\u1ee3 t\u0103ng c\u01b0\u1eddng kh\u1ea3 n\u0103ng h\u1ecdc t\u1eadp v\u00e0 nh\u1eadn th\u1ee9c.<\/p>\r\n\r\n\r\n\r\n<p>5. H\u01af\u1edaNG D\u1eaaN S\u1eec D\u1ee4NG<\/p>\r\n\r\n\r\n\r\n<p>&#8211; S\u1ea3n ph\u1ea9m d\u00f9ng cho tr\u1ebb t\u1eeb 3 tu\u1ed5i.<\/p>\r\n\r\n\r\n\r\n<p>&#8211; S\u1eed d\u1ee5ng 4 vi\u00ean m\u1ed7i ng\u00e0y ngay sau b\u1eefa \u0103n ho\u1eb7c theo ch\u1ec9 d\u1eabn c\u1ee7a chuy\u00ean gia y t\u1ebf ho\u1eb7c d\u01b0\u1ee3c s\u0129.<\/p>\r\n\r\n\r\n\r\n<p>&#8211; Vi\u00ean nang m\u1ec1m c\u00f3 th\u1ec3 nhai ho\u1eb7c nu\u1ed1t.<\/p>\r\n\r\n\r\n\r\n<p>6. B\u1ea2O QU\u1ea2N<\/p>\r\n\r\n\r\n\r\n<p>&#8211; B\u1ea3o qu\u1ea3n \u1edf n\u01a1i kh\u00f4 r\u00e1o, tho\u00e1ng m\u00e1t, tr\u00e1nh \u00e1nh n\u1eafng m\u1eb7t tr\u1eddi.<\/p>\r\n\r\n\r\n\r\n<p>&#8211; \u0110\u1ec3 xa t\u1ea7m tay tr\u1ebb em.<\/p>\r\n\r\n\r\n\r\n<p>7. L\u01afU \u00dd<\/p>\r\n\r\n\r\n\r\n<p>&#8211; Kh\u00f4ng s\u1eed d\u1ee5ng cho ng\u01b0\u1eddi m\u1eabn c\u1ea3m v\u1edbi b\u1ea5t c\u1ee9 th\u00e0nh ph\u1ea7n n\u00e0o c\u1ee7a s\u1ea3n ph\u1ea9m.<\/p>\r\n\r\n\r\n\r\n<p>&#8211; Tham kh\u1ea3o \u00fd ki\u1ebfn chuy\u00ean gia y t\u1ebf tr\u01b0\u1edbc khi s\u1eed d\u1ee5ng n\u1ebfu tr\u1ebb \u0111ang m\u1eafc b\u1ec7nh l\u00fd ho\u1eb7c \u0111ang s\u1eed d\u1ee5ng c\u00e1c thu\u1ed1c \u0111i\u1ec1u tr\u1ecb (bao g\u1ed3m thu\u1ed1c l\u00e0m lo\u00e3ng m\u00e1u) ho\u1eb7c tr\u1ebb b\u1ecb d\u1ecb \u1ee9ng v\u1edbi I-\u1ed1t.<\/p>\r\n\r\n\r\n\r\n<p>&#8211; Kh\u00f4ng s\u1eed d\u1ee5ng s\u1ea3n ph\u1ea9m n\u1ebfu m\u00e0ng seal kh\u00f4ng c\u00f2n nguy\u00ean v\u1eb9n.<\/p>\r\n\r\n\r\n\r\n<p>&#8211; S\u1ea3n ph\u1ea9m n\u00e0y kh\u00f4ng ph\u1ea3i l\u00e0 thu\u1ed1c v\u00e0 kh\u00f4ng c\u00f3 t\u00e1c d\u1ee5ng thay th\u1ebf thu\u1ed1c ch\u1eefa b\u1ec7nh.<\/p>\r\n\r\n\r\n\r\n<p>&#8211; \u0110\u1ecdc k\u1ef9 h\u01b0\u1edbng d\u1eabn s\u1eed d\u1ee5ng tr\u01b0\u1edbc khi d\u00f9ng.<\/p>\r\n\r\n\r\n\r\n<p>#NordicNaturals #me&amp;be #thucphamchucnang #dha #dhanordicnaturals #DHAchotre #dhachobe #DHAtangcuongtrinao #DHAtangcuongthiluc #thongminh<\/p>\r\n","protected":false},"excerpt":{"rendered":"<p>Nordic Naturals l\u00e0 th\u01b0\u01a1ng hi\u1ec7u \u0111\u1ebfn t\u1eeb M\u1ef9 v\u1edbi g\u1ea7n 30 n\u0103m [&hellip;]<\/p>\n","protected":false},"featured_media":10938,"template":"","meta":[],"product_cat":[62,119,114],"class_list":["post-11071","product","type-product","status-publish","has-post-thumbnail","hentry","product_cat-children","product_cat-nordic-naturals","product_cat-omega-3"],"acf":[],"yoast_head":"<!-- This site is optimized with the Yoast SEO plugin v27.1.1 - https:\/\/yoast.com\/product\/yoast-seo-wordpress\/ -->\n<title>Children&#039;s DHA 180ct - GreenWise<\/title>\n<meta name=\"robots\" content=\"index, follow, max-snippet:-1, max-image-preview:large, max-video-preview:-1\" \/>\n<link rel=\"canonical\" href=\"https:\/\/greenwise.vn\/en\/san-pham\/childrens-dha-180ct\/\" \/>\n<meta property=\"og:locale\" content=\"en_US\" \/>\n<meta property=\"og:type\" content=\"article\" \/>\n<meta property=\"og:title\" content=\"Children&#039;s DHA 180ct - GreenWise\" \/>\n<meta property=\"og:description\" content=\"Nordic Naturals l\u00e0 th\u01b0\u01a1ng hi\u1ec7u \u0111\u1ebfn t\u1eeb M\u1ef9 v\u1edbi g\u1ea7n 30 n\u0103m [&hellip;]\" \/>\n<meta property=\"og:url\" content=\"https:\/\/greenwise.vn\/en\/san-pham\/childrens-dha-180ct\/\" \/>\n<meta property=\"og:site_name\" content=\"GreenWise\" \/>\n<meta property=\"article:modified_time\" content=\"2025-08-09T12:12:00+00:00\" \/>\n<meta property=\"og:image\" content=\"https:\/\/greenwise.vn\/wp-content\/uploads\/2025\/05\/01720RN1-ChildDHA_180_Front-B.jpg\" \/>\n\t<meta property=\"og:image:width\" content=\"2000\" \/>\n\t<meta property=\"og:image:height\" content=\"2000\" \/>\n\t<meta property=\"og:image:type\" content=\"image\/jpeg\" \/>\n<meta name=\"twitter:card\" content=\"summary_large_image\" \/>\n<meta name=\"twitter:label1\" content=\"Est. reading time\" \/>\n\t<meta name=\"twitter:data1\" content=\"5 minutes\" \/>\n<script type=\"application\/ld+json\" class=\"yoast-schema-graph\">{\"@context\":\"https:\/\/schema.org\",\"@graph\":[{\"@type\":\"WebPage\",\"@id\":\"https:\/\/greenwise.vn\/en\/san-pham\/childrens-dha-180ct\/\",\"url\":\"https:\/\/greenwise.vn\/en\/san-pham\/childrens-dha-180ct\/\",\"name\":\"Children's DHA 180ct - GreenWise\",\"isPartOf\":{\"@id\":\"https:\/\/greenwise.vn\/en\/#website\"},\"primaryImageOfPage\":{\"@id\":\"https:\/\/greenwise.vn\/en\/san-pham\/childrens-dha-180ct\/#primaryimage\"},\"image\":{\"@id\":\"https:\/\/greenwise.vn\/en\/san-pham\/childrens-dha-180ct\/#primaryimage\"},\"thumbnailUrl\":\"https:\/\/greenwise.vn\/wp-content\/uploads\/2025\/05\/01720RN1-ChildDHA_180_Front-B.jpg\",\"datePublished\":\"2025-05-28T07:56:26+00:00\",\"dateModified\":\"2025-08-09T12:12:00+00:00\",\"breadcrumb\":{\"@id\":\"https:\/\/greenwise.vn\/en\/san-pham\/childrens-dha-180ct\/#breadcrumb\"},\"inLanguage\":\"en-US\",\"potentialAction\":[{\"@type\":\"ReadAction\",\"target\":[\"https:\/\/greenwise.vn\/en\/san-pham\/childrens-dha-180ct\/\"]}]},{\"@type\":\"ImageObject\",\"inLanguage\":\"en-US\",\"@id\":\"https:\/\/greenwise.vn\/en\/san-pham\/childrens-dha-180ct\/#primaryimage\",\"url\":\"https:\/\/greenwise.vn\/wp-content\/uploads\/2025\/05\/01720RN1-ChildDHA_180_Front-B.jpg\",\"contentUrl\":\"https:\/\/greenwise.vn\/wp-content\/uploads\/2025\/05\/01720RN1-ChildDHA_180_Front-B.jpg\",\"width\":2000,\"height\":2000},{\"@type\":\"BreadcrumbList\",\"@id\":\"https:\/\/greenwise.vn\/en\/san-pham\/childrens-dha-180ct\/#breadcrumb\",\"itemListElement\":[{\"@type\":\"ListItem\",\"position\":1,\"name\":\"Home\",\"item\":\"https:\/\/greenwise.vn\/en\/\"},{\"@type\":\"ListItem\",\"position\":2,\"name\":\"Products\",\"item\":\"https:\/\/greenwise.vn\/san-pham\/\"},{\"@type\":\"ListItem\",\"position\":3,\"name\":\"Children&#8217;s DHA 180ct\"}]},{\"@type\":\"WebSite\",\"@id\":\"https:\/\/greenwise.vn\/en\/#website\",\"url\":\"https:\/\/greenwise.vn\/en\/\",\"name\":\"GreenWise\",\"description\":\"Empowering Healthier Lives with Trusted Global Brands\",\"publisher\":{\"@id\":\"https:\/\/greenwise.vn\/en\/#organization\"},\"potentialAction\":[{\"@type\":\"SearchAction\",\"target\":{\"@type\":\"EntryPoint\",\"urlTemplate\":\"https:\/\/greenwise.vn\/en\/?s={search_term_string}\"},\"query-input\":{\"@type\":\"PropertyValueSpecification\",\"valueRequired\":true,\"valueName\":\"search_term_string\"}}],\"inLanguage\":\"en-US\"},{\"@type\":\"Organization\",\"@id\":\"https:\/\/greenwise.vn\/en\/#organization\",\"name\":\"GreenWise\",\"url\":\"https:\/\/greenwise.vn\/en\/\",\"logo\":{\"@type\":\"ImageObject\",\"inLanguage\":\"en-US\",\"@id\":\"https:\/\/greenwise.vn\/en\/#\/schema\/logo\/image\/\",\"url\":\"https:\/\/greenwise.vn\/wp-content\/uploads\/2025\/05\/cropped-cropped-Thiet-ke-chua-co-ten-3.png\",\"contentUrl\":\"https:\/\/greenwise.vn\/wp-content\/uploads\/2025\/05\/cropped-cropped-Thiet-ke-chua-co-ten-3.png\",\"width\":194,\"height\":55,\"caption\":\"GreenWise\"},\"image\":{\"@id\":\"https:\/\/greenwise.vn\/en\/#\/schema\/logo\/image\/\"}}]}<\/script>\n<!-- \/ Yoast SEO plugin. -->","yoast_head_json":{"title":"Children's DHA 180ct - GreenWise","robots":{"index":"index","follow":"follow","max-snippet":"max-snippet:-1","max-image-preview":"max-image-preview:large","max-video-preview":"max-video-preview:-1"},"canonical":"https:\/\/greenwise.vn\/en\/san-pham\/childrens-dha-180ct\/","og_locale":"en_US","og_type":"article","og_title":"Children's DHA 180ct - GreenWise","og_description":"Nordic Naturals l\u00e0 th\u01b0\u01a1ng hi\u1ec7u \u0111\u1ebfn t\u1eeb M\u1ef9 v\u1edbi g\u1ea7n 30 n\u0103m [&hellip;]","og_url":"https:\/\/greenwise.vn\/en\/san-pham\/childrens-dha-180ct\/","og_site_name":"GreenWise","article_modified_time":"2025-08-09T12:12:00+00:00","og_image":[{"width":2000,"height":2000,"url":"https:\/\/greenwise.vn\/wp-content\/uploads\/2025\/05\/01720RN1-ChildDHA_180_Front-B.jpg","type":"image\/jpeg"}],"twitter_card":"summary_large_image","twitter_misc":{"Est. reading time":"5 minutes"},"schema":{"@context":"https:\/\/schema.org","@graph":[{"@type":"WebPage","@id":"https:\/\/greenwise.vn\/en\/san-pham\/childrens-dha-180ct\/","url":"https:\/\/greenwise.vn\/en\/san-pham\/childrens-dha-180ct\/","name":"Children's DHA 180ct - GreenWise","isPartOf":{"@id":"https:\/\/greenwise.vn\/en\/#website"},"primaryImageOfPage":{"@id":"https:\/\/greenwise.vn\/en\/san-pham\/childrens-dha-180ct\/#primaryimage"},"image":{"@id":"https:\/\/greenwise.vn\/en\/san-pham\/childrens-dha-180ct\/#primaryimage"},"thumbnailUrl":"https:\/\/greenwise.vn\/wp-content\/uploads\/2025\/05\/01720RN1-ChildDHA_180_Front-B.jpg","datePublished":"2025-05-28T07:56:26+00:00","dateModified":"2025-08-09T12:12:00+00:00","breadcrumb":{"@id":"https:\/\/greenwise.vn\/en\/san-pham\/childrens-dha-180ct\/#breadcrumb"},"inLanguage":"en-US","potentialAction":[{"@type":"ReadAction","target":["https:\/\/greenwise.vn\/en\/san-pham\/childrens-dha-180ct\/"]}]},{"@type":"ImageObject","inLanguage":"en-US","@id":"https:\/\/greenwise.vn\/en\/san-pham\/childrens-dha-180ct\/#primaryimage","url":"https:\/\/greenwise.vn\/wp-content\/uploads\/2025\/05\/01720RN1-ChildDHA_180_Front-B.jpg","contentUrl":"https:\/\/greenwise.vn\/wp-content\/uploads\/2025\/05\/01720RN1-ChildDHA_180_Front-B.jpg","width":2000,"height":2000},{"@type":"BreadcrumbList","@id":"https:\/\/greenwise.vn\/en\/san-pham\/childrens-dha-180ct\/#breadcrumb","itemListElement":[{"@type":"ListItem","position":1,"name":"Home","item":"https:\/\/greenwise.vn\/en\/"},{"@type":"ListItem","position":2,"name":"Products","item":"https:\/\/greenwise.vn\/san-pham\/"},{"@type":"ListItem","position":3,"name":"Children&#8217;s DHA 180ct"}]},{"@type":"WebSite","@id":"https:\/\/greenwise.vn\/en\/#website","url":"https:\/\/greenwise.vn\/en\/","name":"GreenWise","description":"Empowering Healthier Lives with Trusted Global Brands","publisher":{"@id":"https:\/\/greenwise.vn\/en\/#organization"},"potentialAction":[{"@type":"SearchAction","target":{"@type":"EntryPoint","urlTemplate":"https:\/\/greenwise.vn\/en\/?s={search_term_string}"},"query-input":{"@type":"PropertyValueSpecification","valueRequired":true,"valueName":"search_term_string"}}],"inLanguage":"en-US"},{"@type":"Organization","@id":"https:\/\/greenwise.vn\/en\/#organization","name":"GreenWise","url":"https:\/\/greenwise.vn\/en\/","logo":{"@type":"ImageObject","inLanguage":"en-US","@id":"https:\/\/greenwise.vn\/en\/#\/schema\/logo\/image\/","url":"https:\/\/greenwise.vn\/wp-content\/uploads\/2025\/05\/cropped-cropped-Thiet-ke-chua-co-ten-3.png","contentUrl":"https:\/\/greenwise.vn\/wp-content\/uploads\/2025\/05\/cropped-cropped-Thiet-ke-chua-co-ten-3.png","width":194,"height":55,"caption":"GreenWise"},"image":{"@id":"https:\/\/greenwise.vn\/en\/#\/schema\/logo\/image\/"}}]}},"_links":{"self":[{"href":"https:\/\/greenwise.vn\/en\/wp-json\/wp\/v2\/product\/11071","targetHints":{"allow":["GET"]}}],"collection":[{"href":"https:\/\/greenwise.vn\/en\/wp-json\/wp\/v2\/product"}],"about":[{"href":"https:\/\/greenwise.vn\/en\/wp-json\/wp\/v2\/types\/product"}],"version-history":[{"count":0,"href":"https:\/\/greenwise.vn\/en\/wp-json\/wp\/v2\/product\/11071\/revisions"}],"wp:featuredmedia":[{"embeddable":true,"href":"https:\/\/greenwise.vn\/en\/wp-json\/wp\/v2\/media\/10938"}],"wp:attachment":[{"href":"https:\/\/greenwise.vn\/en\/wp-json\/wp\/v2\/media?parent=11071"}],"wp:term":[{"taxonomy":"product_cat","embeddable":true,"href":"https:\/\/greenwise.vn\/en\/wp-json\/wp\/v2\/product_cat?post=11071"}],"curies":[{"name":"wp","href":"https:\/\/api.w.org\/{rel}","templated":true}]}}