{"id":11066,"date":"2025-05-28T07:52:05","date_gmt":"2025-05-28T07:52:05","guid":{"rendered":"https:\/\/greenwise.kanbox.vn\/?post_type=product&#038;p=11066"},"modified":"2025-08-14T08:34:49","modified_gmt":"2025-08-14T08:34:49","slug":"babys-dha-2oz","status":"publish","type":"product","link":"https:\/\/greenwise.vn\/en\/san-pham\/babys-dha-2oz\/","title":{"rendered":"Baby&#8217;s DHA 2oz"},"content":{"rendered":"\r\n<p>M\u00d4 T\u1ea2 S\u1ea2N PH\u1ea8M<\/p>\r\n\r\n\r\n\r\n<p>Nordic Naturals l\u00e0 th\u01b0\u01a1ng hi\u1ec7u \u0111\u1ebfn t\u1eeb M\u1ef9 v\u1edbi g\u1ea7n 30 n\u0103m nghi\u00ean c\u1ee9u v\u00e0 ph\u00e1t tri\u1ec3n \u0111\u00e3 cho ra \u0111\u1eddi nhi\u1ec1u s\u1ea3n ph\u1ea9m ch\u1ea5t l\u01b0\u1ee3ng, hi\u1ec7n nay c\u00f3 m\u1eb7t t\u1ea1i h\u01a1n 36 qu\u1ed1c gia &amp; 6 ch\u00e2u l\u1ee5c. Omega-3 (DHA) v\u00e0 c\u00e1c d\u01b0\u1ee1ng ch\u1ea5t c\u01a1 b\u1ea3n kh\u00e1c c\u1ee7a Nordic Naturals \u0111\u00e3 \u0111\u1ea1t 138 gi\u1ea3i th\u01b0\u1edfng qu\u1ed1c t\u1ebf danh gi\u00e1 t\u1eeb qu\u00e1 tr\u00ecnh nghi\u00ean c\u1ee9u v\u00e0 ki\u1ec3m tra nghi\u00eam ng\u1eb7t, c\u00f4ng th\u1ee9c b\u00e0o ch\u1ebf t\u1eeb chuy\u00ean gia, \u0111\u01b0\u1ee3c ki\u1ec3m ch\u1ee9ng hi\u1ec7u qu\u1ea3 v\u00e0 tr\u00ean h\u1ebft l\u00e0 h\u01b0\u01a1ng v\u1ecb th\u01a1m ngon &amp; \u0111\u1ed9 tinh khi\u1ebft \u0111\u01b0\u1ee3c b\u00ean th\u1ee9 3 ki\u1ec3m \u0111\u1ecbnh \u1edf m\u1ed7i l\u00f4 s\u1ea3n ph\u1ea9m.<\/p>\r\n\r\n\r\n\r\n<figure class=\"wp-block-image\"><img decoding=\"async\" src=\"https:\/\/down-vn.img.susercontent.com\/file\/vn-11134208-7ra0g-m6z5cdfrkkgx1b\" alt=\"\" \/><\/figure>\r\n\r\n\r\n\r\n<p>1. TH\u00d4NG TIN S\u1ea2N PH\u1ea8M<\/p>\r\n\r\n\r\n\r\n<p>&#8211; Th\u01b0\u01a1ng hi\u1ec7u: Nordic Naturals<\/p>\r\n\r\n\r\n\r\n<p>&#8211; Xu\u1ea5t x\u1ee9: Hoa K\u1ef3<\/p>\r\n\r\n\r\n\r\n<p>&#8211; Quy c\u00e1ch: H\u1ed9p 1 chai x 60 ml<\/p>\r\n\r\n\r\n\r\n<p>&#8211; H\u1ea1n s\u1eed d\u1ee5ng: xem tr\u00ean bao b\u00ec s\u1ea3n ph\u1ea9m<\/p>\r\n\r\n\r\n\r\n<p>2. \u01afU \u0110I\u1ec2M N\u1ed4I B\u1eacT C\u1ee6A S\u1ea2N PH\u1ea8M<\/p>\r\n\r\n\r\n\r\n<p>Baby&#8217;s DHA l\u00e0 ngu\u1ed3n cung c\u1ea5p omega-3 DHA \u0111\u00e1ng tin c\u1eady \u2013 m\u1ed9t ch\u1ea5t b\u00e9o thi\u1ebft y\u1ebfu m\u00e0 tr\u1ebb s\u01a1 sinh c\u1ea7n \u0111\u1ec3 ph\u00e1t tri\u1ec3n kh\u1ecfe m\u1ea1nh n\u00e3o b\u1ed9, m\u1eaft v\u00e0 h\u1ec7 th\u1ea7n kinh.<\/p>\r\n\r\n\r\n\r\n<p>&#8211; 1050 mg t\u1ed5ng omega-3<\/p>\r\n\r\n\r\n\r\n<p>&#8211; V\u01b0\u1ee3t qua c\u00e1c ti\u00eau chu\u1ea9n qu\u1ed1c t\u1ebf nghi\u00eam ng\u1eb7t nh\u1ea5t v\u1ec1 \u0111\u1ed9 tinh khi\u1ebft v\u00e0 \u0111\u1ed9 t\u01b0\u01a1i<\/p>\r\n\r\n\r\n\r\n<p>&#8211; S\u1ea3n xu\u1ea5t t\u1eeb 100% c\u00e1 tuy\u1ebft B\u1eafc C\u1ef1c hoang d\u00e3, \u0111\u01b0\u1ee3c nhi\u1ec1u b\u00e1c s\u0129 nhi khoa khuy\u1ebfn ngh\u1ecb<\/p>\r\n\r\n\r\n\r\n<p>&#8211; \u1ed0ng nh\u1ecf gi\u1ecdt \u0111\u01b0\u1ee3c \u0111\u00e1nh d\u1ea5u r\u00f5 r\u00e0ng, d\u1ec5 d\u00e0ng \u0111o l\u01b0\u1eddng li\u1ec1u l\u01b0\u1ee3ng<\/p>\r\n\r\n\r\n\r\n<p>3. TH\u00c0NH PH\u1ea6N<\/p>\r\n\r\n\r\n\r\n<p>Trong m\u1ed7i 5ml ch\u1ee9a 1050mg omega-3 (350mg EPA &amp; 485 mg DHA) + 300IU vitamin D3<\/p>\r\n\r\n\r\n\r\n<p>&#8211; D\u1ea7u gan c\u00e1 tuy\u1ebft B\u1eafc C\u1ef1c tinh ch\u1ebf<\/p>\r\n\r\n\r\n\r\n<p>&#8211; Chi\u1ebft xu\u1ea5t h\u01b0\u01a1ng th\u1ea3o (ch\u1ea5t b\u1ea3o qu\u1ea3n t\u1ef1 nhi\u00ean)<\/p>\r\n\r\n\r\n\r\n<p>&#8211; RRR-alpha tocopherol (ch\u1ea5t ch\u1ed1ng oxy h\u00f3a)<\/p>\r\n\r\n\r\n\r\n<p>&#8211; Vitamin D3 (d\u1ea7u \u00f4 liu, cholecalciferol)<\/p>\r\n\r\n\r\n\r\n<p>&#8211; Kh\u00f4ng ch\u1ee9a gluten, s\u1ea3n ph\u1ea9m t\u1eeb s\u1eefa ho\u1eb7c ph\u1ea9m m\u00e0u t\u1ed5ng h\u1ee3p.<\/p>\r\n\r\n\r\n\r\n<figure class=\"wp-block-image\"><img decoding=\"async\" src=\"https:\/\/down-vn.img.susercontent.com\/file\/vn-11134208-7ra0g-m8fna8g7heo27d\" alt=\"\" \/><\/figure>\r\n\r\n\r\n\r\n<p>4. C\u00d4NG D\u1ee4NG<\/p>\r\n\r\n\r\n\r\n<p>&#8211; H\u1ed7 tr\u1ee3 ph\u00e1t tri\u1ec3n kh\u1ecfe m\u1ea1nh cho n\u00e3o b\u1ed9, th\u1ecb l\u1ef1c v\u00e0 h\u1ec7 th\u1ea7n kinh.<\/p>\r\n\r\n\r\n\r\n<p>&#8211; H\u1ed7 tr\u1ee3 b\u00e9 ph\u00e1t tri\u1ec3n tr\u00ed th\u00f4ng minh, lanh l\u1ee3i h\u01a1n<\/p>\r\n\r\n\r\n\r\n<p>5. H\u01af\u1edaNG D\u1eaaN S\u1eec D\u1ee4NG<\/p>\r\n\r\n\r\n\r\n<figure class=\"wp-block-image\"><img decoding=\"async\" src=\"https:\/\/down-vn.img.susercontent.com\/file\/vn-11134208-7ra0g-m762ak6rd8pkfe\" alt=\"\" \/><\/figure>\r\n\r\n\r\n\r\n<p>6. B\u1ea2O QU\u1ea2N<\/p>\r\n\r\n\r\n\r\n<p>&#8211; B\u1ea3o qu\u1ea3n n\u01a1i kh\u00f4 r\u00e1o tho\u00e1ng m\u00e1t, tr\u00e1nh \u00e1nh n\u1eafng m\u1eb7t tr\u1eddi.<\/p>\r\n\r\n\r\n\r\n<p>&#8211; V\u1ec7 sinh \u1ed1ng nh\u1ecf gi\u1ecdt k\u1ef9 sau m\u1ed7i l\u1ea7n s\u1eed d\u1ee5ng, \u0111\u1eb7c bi\u1ec7t n\u1ebfu \u1ed1ng ti\u1ebfp x\u00fac v\u1edbi mi\u1ec7ng c\u1ee7a tr\u1ebb.<\/p>\r\n\r\n\r\n\r\n<p>7. L\u01afU \u00dd<\/p>\r\n\r\n\r\n\r\n<p>&#8211; Kh\u00f4ng s\u1eed d\u1ee5ng cho ng\u01b0\u1eddi m\u1eabn c\u1ea3m v\u1edbi b\u1ea5t c\u1ee9 th\u00e0nh ph\u1ea7n n\u00e0o c\u1ee7a s\u1ea3n ph\u1ea9m.<\/p>\r\n\r\n\r\n\r\n<p>&#8211; S\u1ea3n ph\u1ea9m n\u00e0y kh\u00f4ng ph\u1ea3i l\u00e0 thu\u1ed1c v\u00e0 kh\u00f4ng c\u00f3 t\u00e1c d\u1ee5ng thay th\u1ebf thu\u1ed1c ch\u1eefa b\u1ec7nh.<\/p>\r\n\r\n\r\n\r\n<p>&#8211; \u0110\u1ecdc k\u1ef9 h\u01b0\u1edbng d\u1eabn s\u1eed d\u1ee5ng tr\u01b0\u1edbc khi d\u00f9ng.<\/p>\r\n\r\n\r\n\r\n<p>#NordicNaturals #me&amp;be #thucphamchucnang #NordicDHA #DHABaby<\/p>\r\n","protected":false},"excerpt":{"rendered":"<p>M\u00d4 T\u1ea2 S\u1ea2N PH\u1ea8M Nordic Naturals l\u00e0 th\u01b0\u01a1ng hi\u1ec7u \u0111\u1ebfn t\u1eeb M\u1ef9 [&hellip;]<\/p>\n","protected":false},"featured_media":12037,"template":"","meta":[],"product_cat":[61,119,114],"class_list":["post-11066","product","type-product","status-publish","has-post-thumbnail","hentry","product_cat-infants","product_cat-nordic-naturals","product_cat-omega-3"],"acf":[],"yoast_head":"<!-- This site is optimized with the Yoast SEO plugin v27.1.1 - https:\/\/yoast.com\/product\/yoast-seo-wordpress\/ -->\n<title>Baby&#039;s DHA 2oz - GreenWise<\/title>\n<meta name=\"robots\" content=\"index, follow, max-snippet:-1, max-image-preview:large, max-video-preview:-1\" \/>\n<link rel=\"canonical\" href=\"https:\/\/greenwise.vn\/en\/san-pham\/babys-dha-2oz\/\" \/>\n<meta property=\"og:locale\" content=\"en_US\" \/>\n<meta property=\"og:type\" content=\"article\" \/>\n<meta property=\"og:title\" content=\"Baby&#039;s DHA 2oz - GreenWise\" \/>\n<meta property=\"og:description\" content=\"M\u00d4 T\u1ea2 S\u1ea2N PH\u1ea8M Nordic Naturals l\u00e0 th\u01b0\u01a1ng hi\u1ec7u \u0111\u1ebfn t\u1eeb M\u1ef9 [&hellip;]\" \/>\n<meta property=\"og:url\" content=\"https:\/\/greenwise.vn\/en\/san-pham\/babys-dha-2oz\/\" \/>\n<meta property=\"og:site_name\" content=\"GreenWise\" \/>\n<meta property=\"article:modified_time\" content=\"2025-08-14T08:34:49+00:00\" \/>\n<meta property=\"og:image\" content=\"https:\/\/greenwise.vn\/wp-content\/uploads\/2025\/05\/z6898398984543_7671e4570622159e96a7dc2b46c37517.jpg\" \/>\n\t<meta property=\"og:image:width\" content=\"2000\" \/>\n\t<meta property=\"og:image:height\" content=\"2000\" \/>\n\t<meta property=\"og:image:type\" content=\"image\/jpeg\" \/>\n<meta name=\"twitter:card\" content=\"summary_large_image\" \/>\n<meta name=\"twitter:label1\" content=\"Est. reading time\" \/>\n\t<meta name=\"twitter:data1\" content=\"3 minutes\" \/>\n<script type=\"application\/ld+json\" class=\"yoast-schema-graph\">{\"@context\":\"https:\/\/schema.org\",\"@graph\":[{\"@type\":\"WebPage\",\"@id\":\"https:\/\/greenwise.vn\/en\/san-pham\/babys-dha-2oz\/\",\"url\":\"https:\/\/greenwise.vn\/en\/san-pham\/babys-dha-2oz\/\",\"name\":\"Baby's DHA 2oz - GreenWise\",\"isPartOf\":{\"@id\":\"https:\/\/greenwise.vn\/en\/#website\"},\"primaryImageOfPage\":{\"@id\":\"https:\/\/greenwise.vn\/en\/san-pham\/babys-dha-2oz\/#primaryimage\"},\"image\":{\"@id\":\"https:\/\/greenwise.vn\/en\/san-pham\/babys-dha-2oz\/#primaryimage\"},\"thumbnailUrl\":\"https:\/\/greenwise.vn\/wp-content\/uploads\/2025\/05\/z6898398984543_7671e4570622159e96a7dc2b46c37517.jpg\",\"datePublished\":\"2025-05-28T07:52:05+00:00\",\"dateModified\":\"2025-08-14T08:34:49+00:00\",\"breadcrumb\":{\"@id\":\"https:\/\/greenwise.vn\/en\/san-pham\/babys-dha-2oz\/#breadcrumb\"},\"inLanguage\":\"en-US\",\"potentialAction\":[{\"@type\":\"ReadAction\",\"target\":[\"https:\/\/greenwise.vn\/en\/san-pham\/babys-dha-2oz\/\"]}]},{\"@type\":\"ImageObject\",\"inLanguage\":\"en-US\",\"@id\":\"https:\/\/greenwise.vn\/en\/san-pham\/babys-dha-2oz\/#primaryimage\",\"url\":\"https:\/\/greenwise.vn\/wp-content\/uploads\/2025\/05\/z6898398984543_7671e4570622159e96a7dc2b46c37517.jpg\",\"contentUrl\":\"https:\/\/greenwise.vn\/wp-content\/uploads\/2025\/05\/z6898398984543_7671e4570622159e96a7dc2b46c37517.jpg\",\"width\":2000,\"height\":2000},{\"@type\":\"BreadcrumbList\",\"@id\":\"https:\/\/greenwise.vn\/en\/san-pham\/babys-dha-2oz\/#breadcrumb\",\"itemListElement\":[{\"@type\":\"ListItem\",\"position\":1,\"name\":\"Home\",\"item\":\"https:\/\/greenwise.vn\/en\/\"},{\"@type\":\"ListItem\",\"position\":2,\"name\":\"Products\",\"item\":\"https:\/\/greenwise.vn\/san-pham\/\"},{\"@type\":\"ListItem\",\"position\":3,\"name\":\"Baby&#8217;s DHA 2oz\"}]},{\"@type\":\"WebSite\",\"@id\":\"https:\/\/greenwise.vn\/en\/#website\",\"url\":\"https:\/\/greenwise.vn\/en\/\",\"name\":\"GreenWise\",\"description\":\"Empowering Healthier Lives with Trusted Global Brands\",\"publisher\":{\"@id\":\"https:\/\/greenwise.vn\/en\/#organization\"},\"potentialAction\":[{\"@type\":\"SearchAction\",\"target\":{\"@type\":\"EntryPoint\",\"urlTemplate\":\"https:\/\/greenwise.vn\/en\/?s={search_term_string}\"},\"query-input\":{\"@type\":\"PropertyValueSpecification\",\"valueRequired\":true,\"valueName\":\"search_term_string\"}}],\"inLanguage\":\"en-US\"},{\"@type\":\"Organization\",\"@id\":\"https:\/\/greenwise.vn\/en\/#organization\",\"name\":\"GreenWise\",\"url\":\"https:\/\/greenwise.vn\/en\/\",\"logo\":{\"@type\":\"ImageObject\",\"inLanguage\":\"en-US\",\"@id\":\"https:\/\/greenwise.vn\/en\/#\/schema\/logo\/image\/\",\"url\":\"https:\/\/greenwise.vn\/wp-content\/uploads\/2025\/05\/cropped-cropped-Thiet-ke-chua-co-ten-3.png\",\"contentUrl\":\"https:\/\/greenwise.vn\/wp-content\/uploads\/2025\/05\/cropped-cropped-Thiet-ke-chua-co-ten-3.png\",\"width\":194,\"height\":55,\"caption\":\"GreenWise\"},\"image\":{\"@id\":\"https:\/\/greenwise.vn\/en\/#\/schema\/logo\/image\/\"}}]}<\/script>\n<!-- \/ Yoast SEO plugin. -->","yoast_head_json":{"title":"Baby's DHA 2oz - GreenWise","robots":{"index":"index","follow":"follow","max-snippet":"max-snippet:-1","max-image-preview":"max-image-preview:large","max-video-preview":"max-video-preview:-1"},"canonical":"https:\/\/greenwise.vn\/en\/san-pham\/babys-dha-2oz\/","og_locale":"en_US","og_type":"article","og_title":"Baby's DHA 2oz - GreenWise","og_description":"M\u00d4 T\u1ea2 S\u1ea2N PH\u1ea8M Nordic Naturals l\u00e0 th\u01b0\u01a1ng hi\u1ec7u \u0111\u1ebfn t\u1eeb M\u1ef9 [&hellip;]","og_url":"https:\/\/greenwise.vn\/en\/san-pham\/babys-dha-2oz\/","og_site_name":"GreenWise","article_modified_time":"2025-08-14T08:34:49+00:00","og_image":[{"width":2000,"height":2000,"url":"https:\/\/greenwise.vn\/wp-content\/uploads\/2025\/05\/z6898398984543_7671e4570622159e96a7dc2b46c37517.jpg","type":"image\/jpeg"}],"twitter_card":"summary_large_image","twitter_misc":{"Est. reading time":"3 minutes"},"schema":{"@context":"https:\/\/schema.org","@graph":[{"@type":"WebPage","@id":"https:\/\/greenwise.vn\/en\/san-pham\/babys-dha-2oz\/","url":"https:\/\/greenwise.vn\/en\/san-pham\/babys-dha-2oz\/","name":"Baby's DHA 2oz - GreenWise","isPartOf":{"@id":"https:\/\/greenwise.vn\/en\/#website"},"primaryImageOfPage":{"@id":"https:\/\/greenwise.vn\/en\/san-pham\/babys-dha-2oz\/#primaryimage"},"image":{"@id":"https:\/\/greenwise.vn\/en\/san-pham\/babys-dha-2oz\/#primaryimage"},"thumbnailUrl":"https:\/\/greenwise.vn\/wp-content\/uploads\/2025\/05\/z6898398984543_7671e4570622159e96a7dc2b46c37517.jpg","datePublished":"2025-05-28T07:52:05+00:00","dateModified":"2025-08-14T08:34:49+00:00","breadcrumb":{"@id":"https:\/\/greenwise.vn\/en\/san-pham\/babys-dha-2oz\/#breadcrumb"},"inLanguage":"en-US","potentialAction":[{"@type":"ReadAction","target":["https:\/\/greenwise.vn\/en\/san-pham\/babys-dha-2oz\/"]}]},{"@type":"ImageObject","inLanguage":"en-US","@id":"https:\/\/greenwise.vn\/en\/san-pham\/babys-dha-2oz\/#primaryimage","url":"https:\/\/greenwise.vn\/wp-content\/uploads\/2025\/05\/z6898398984543_7671e4570622159e96a7dc2b46c37517.jpg","contentUrl":"https:\/\/greenwise.vn\/wp-content\/uploads\/2025\/05\/z6898398984543_7671e4570622159e96a7dc2b46c37517.jpg","width":2000,"height":2000},{"@type":"BreadcrumbList","@id":"https:\/\/greenwise.vn\/en\/san-pham\/babys-dha-2oz\/#breadcrumb","itemListElement":[{"@type":"ListItem","position":1,"name":"Home","item":"https:\/\/greenwise.vn\/en\/"},{"@type":"ListItem","position":2,"name":"Products","item":"https:\/\/greenwise.vn\/san-pham\/"},{"@type":"ListItem","position":3,"name":"Baby&#8217;s DHA 2oz"}]},{"@type":"WebSite","@id":"https:\/\/greenwise.vn\/en\/#website","url":"https:\/\/greenwise.vn\/en\/","name":"GreenWise","description":"Empowering Healthier Lives with Trusted Global Brands","publisher":{"@id":"https:\/\/greenwise.vn\/en\/#organization"},"potentialAction":[{"@type":"SearchAction","target":{"@type":"EntryPoint","urlTemplate":"https:\/\/greenwise.vn\/en\/?s={search_term_string}"},"query-input":{"@type":"PropertyValueSpecification","valueRequired":true,"valueName":"search_term_string"}}],"inLanguage":"en-US"},{"@type":"Organization","@id":"https:\/\/greenwise.vn\/en\/#organization","name":"GreenWise","url":"https:\/\/greenwise.vn\/en\/","logo":{"@type":"ImageObject","inLanguage":"en-US","@id":"https:\/\/greenwise.vn\/en\/#\/schema\/logo\/image\/","url":"https:\/\/greenwise.vn\/wp-content\/uploads\/2025\/05\/cropped-cropped-Thiet-ke-chua-co-ten-3.png","contentUrl":"https:\/\/greenwise.vn\/wp-content\/uploads\/2025\/05\/cropped-cropped-Thiet-ke-chua-co-ten-3.png","width":194,"height":55,"caption":"GreenWise"},"image":{"@id":"https:\/\/greenwise.vn\/en\/#\/schema\/logo\/image\/"}}]}},"_links":{"self":[{"href":"https:\/\/greenwise.vn\/en\/wp-json\/wp\/v2\/product\/11066","targetHints":{"allow":["GET"]}}],"collection":[{"href":"https:\/\/greenwise.vn\/en\/wp-json\/wp\/v2\/product"}],"about":[{"href":"https:\/\/greenwise.vn\/en\/wp-json\/wp\/v2\/types\/product"}],"version-history":[{"count":1,"href":"https:\/\/greenwise.vn\/en\/wp-json\/wp\/v2\/product\/11066\/revisions"}],"predecessor-version":[{"id":12036,"href":"https:\/\/greenwise.vn\/en\/wp-json\/wp\/v2\/product\/11066\/revisions\/12036"}],"wp:featuredmedia":[{"embeddable":true,"href":"https:\/\/greenwise.vn\/en\/wp-json\/wp\/v2\/media\/12037"}],"wp:attachment":[{"href":"https:\/\/greenwise.vn\/en\/wp-json\/wp\/v2\/media?parent=11066"}],"wp:term":[{"taxonomy":"product_cat","embeddable":true,"href":"https:\/\/greenwise.vn\/en\/wp-json\/wp\/v2\/product_cat?post=11066"}],"curies":[{"name":"wp","href":"https:\/\/api.w.org\/{rel}","templated":true}]}}