{"id":11064,"date":"2025-05-28T07:51:03","date_gmt":"2025-05-28T07:51:03","guid":{"rendered":"https:\/\/greenwise.kanbox.vn\/?post_type=product&#038;p=11064"},"modified":"2025-08-14T08:33:11","modified_gmt":"2025-08-14T08:33:11","slug":"babys-vitamin-d3-22-5ml","status":"publish","type":"product","link":"https:\/\/greenwise.vn\/en\/san-pham\/babys-vitamin-d3-22-5ml\/","title":{"rendered":"Baby&#8217;s Vitamin D3 22.5ml"},"content":{"rendered":"\r\n<p>Nordic Naturals l\u00e0 th\u01b0\u01a1ng hi\u1ec7u \u0111\u1ebfn t\u1eeb M\u1ef9 v\u1edbi g\u1ea7n 30 n\u0103m nghi\u00ean c\u1ee9u v\u00e0 ph\u00e1t tri\u1ec3n \u0111\u00e3 cho ra \u0111\u1eddi nhi\u1ec1u s\u1ea3n ph\u1ea9m ch\u1ea5t l\u01b0\u1ee3ng, hi\u1ec7n nay c\u00f3 m\u1eb7t t\u1ea1i h\u01a1n 36 qu\u1ed1c gia &amp; 6 ch\u00e2u l\u1ee5c. Omega-3 (DHA) v\u00e0 c\u00e1c d\u01b0\u1ee1ng ch\u1ea5t c\u01a1 b\u1ea3n kh\u00e1c c\u1ee7a Nordic Naturals \u0111\u00e3 \u0111\u1ea1t 138 gi\u1ea3i th\u01b0\u1edfng qu\u1ed1c t\u1ebf danh gi\u00e1 t\u1eeb qu\u00e1 tr\u00ecnh nghi\u00ean c\u1ee9u v\u00e0 ki\u1ec3m tra nghi\u00eam ng\u1eb7t, c\u00f4ng th\u1ee9c b\u00e0o ch\u1ebf t\u1eeb chuy\u00ean gia, \u0111\u01b0\u1ee3c ki\u1ec3m ch\u1ee9ng hi\u1ec7u qu\u1ea3 v\u00e0 tr\u00ean h\u1ebft l\u00e0 h\u01b0\u01a1ng v\u1ecb th\u01a1m ngon &amp; \u0111\u1ed9 tinh khi\u1ebft \u0111\u01b0\u1ee3c b\u00ean th\u1ee9 3 ki\u1ec3m \u0111\u1ecbnh \u1edf m\u1ed7i l\u00f4 s\u1ea3n ph\u1ea9m.<\/p>\r\n\r\n\r\n\r\n<p>1. TH\u00d4NG TIN S\u1ea2N PH\u1ea8M<\/p>\r\n\r\n\r\n\r\n<p>&#8211; Th\u01b0\u01a1ng hi\u1ec7u: Nordic Naturals<\/p>\r\n\r\n\r\n\r\n<p>&#8211; Xu\u1ea5t x\u1ee9: Hoa K\u1ef3<\/p>\r\n\r\n\r\n\r\n<p>&#8211; Quy c\u00e1ch: H\u1ed9p 1 chai x 22,5 ml<\/p>\r\n\r\n\r\n\r\n<p>&#8211; H\u1ea1n s\u1eed d\u1ee5ng: xem tr\u00ean bao b\u00ec s\u1ea3n ph\u1ea9m<\/p>\r\n\r\n\r\n\r\n<p>2. \u01afU \u0110I\u1ec2M N\u1ed4I B\u1eacT C\u1ee6A S\u1ea2N PH\u1ea8M<\/p>\r\n\r\n\r\n\r\n<p>&#8211; Nordic Naturals Baby&#8217;s Vitamin D3 \u0111\u01b0\u1ee3c ch\u1ee9ng nh\u1eadn l\u00e0 s\u1ea3n ph\u1ea9m vitamin D ch\u00ednh th\u1ee9c d\u00e0nh cho tr\u1ebb em c\u1ee7a Hi\u1ec7p h\u1ed9i Thai s\u1ea3n Hoa K\u1ef3. Th\u00e0nh ph\u1ea7n c\u1ee7a s\u1ea3n ph\u1ea9m kh\u00f4ng ch\u1ee9a b\u1ea5t k\u1ef3 ch\u1ea5t t\u1ea1o m\u00e0u, t\u1ea1o v\u1ecb ho\u1eb7c ch\u1ea5t b\u1ea3o qu\u1ea3n nh\u00e2n t\u1ea1o \u0111\u1ea3m b\u1ea3o cung c\u1ea5p cho tr\u1ebb t\u1eeb s\u01a1 sinh lo\u1ea1i vitamin D tinh khi\u1ebft, an to\u00e0n v\u00e0 l\u00e0nh t\u00ednh.<\/p>\r\n\r\n\r\n\r\n<p>&#8211; S\u1ea3n ph\u1ea9m s\u1eed d\u1ee5ng vitamin D3 tinh khi\u1ebft k\u1ebft h\u1ee3p v\u1edbi d\u1ea7u \u00f4 liu h\u1eefu c\u01a1 nguy\u00ean ch\u1ea5t gi\u00fap t\u1ed1i \u01b0u h\u1ea5p thu vitamin D v\u00e0o c\u01a1 th\u1ec3.<\/p>\r\n\r\n\r\n\r\n<p>&#8211; T\u1ea5t c\u1ea3 c\u00e1c l\u00f4 s\u1ea3n ph\u1ea9m c\u1ee7a Nordic Naturals \u0111\u1ec1u \u0111\u01b0\u1ee3c c\u00e1c t\u1ed5 ch\u1ee9c th\u1ee9 ba uy t\u00edn ki\u1ec3m \u0111\u1ecbnh ch\u1ea5t l\u01b0\u1ee3ng tr\u01b0\u1edbc khi xu\u1ea5t x\u01b0\u1edfng. B\u1ea1n ch\u1ec9 c\u1ea7n qu\u00e9t m\u00e3 QR tr\u00ean bao b\u00ec s\u1ea3n ph\u1ea9m l\u00e0 c\u00f3 th\u1ec3 truy c\u1eadp v\u00e0o k\u1ebft qu\u1ea3 ki\u1ec3m \u0111\u1ecbnh (Certificate of Analysis) \u0111\u1ec3 ki\u1ec3m tra th\u00f4ng tin ch\u1ea5t l\u01b0\u1ee3ng s\u1ea3n ph\u1ea9m m\u1ed9t c\u00e1ch nhanh ch\u00f3ng.<\/p>\r\n\r\n\r\n\r\n<figure class=\"wp-block-image\"><img decoding=\"async\" src=\"https:\/\/down-vn.img.susercontent.com\/file\/vn-11134208-7ras8-m0ynq2krevq306\" alt=\"\" \/><\/figure>\r\n\r\n\r\n\r\n<p>3. TH\u00c0NH PH\u1ea6N<\/p>\r\n\r\n\r\n\r\n<p>&#8211; M\u1ed7i gi\u1ecdt 0,25ml ch\u1ee9a:<\/p>\r\n\r\n\r\n\r\n<p>+ Vitamin D3 (Cholecalciferol): 10mg (400 IU)<\/p>\r\n\r\n\r\n\r\n<p>+ N\u1ec1n d\u1ea7u oliu h\u1eefu c\u01a1 nguy\u00ean ch\u1ea5t<\/p>\r\n\r\n\r\n\r\n<p>&#8211; S\u1ea3n ph\u1ea9m kh\u00f4ng ch\u1ee9a: ch\u1ea5t t\u1ea1o m\u00e0u, ch\u1ea5t t\u1ea1o v\u1ecb, ch\u1ea5t b\u1ea3o nh\u00e2n t\u1ea1o, gluten, ch\u1ebf ph\u1ea9m t\u1eeb s\u1eefa.<\/p>\r\n\r\n\r\n\r\n<figure class=\"wp-block-image\"><img decoding=\"async\" src=\"https:\/\/down-vn.img.susercontent.com\/file\/vn-11134208-7ras8-m0ynq2krgaajce\" alt=\"\" \/><\/figure>\r\n\r\n\r\n\r\n<figure class=\"wp-block-image\"><img decoding=\"async\" src=\"https:\/\/down-vn.img.susercontent.com\/file\/vn-11134208-7ra0g-m8ef6ssw3slj05\" alt=\"\" \/><\/figure>\r\n\r\n\r\n\r\n<p>4. C\u00d4NG D\u1ee4NG<\/p>\r\n\r\n\r\n\r\n<p>B\u1ed5 sung vitamin D3 \u0111\u1ea7y \u0111\u1ee7 gi\u00fap c\u01a1 th\u1ec3 t\u1ed1i \u01b0u h\u1ea5p thu canxi:<\/p>\r\n\r\n\r\n\r\n<p>&#8211; Gi\u00fap x\u01b0\u01a1ng ch\u1eafc kh\u1ecfe, h\u1ed7 tr\u1ee3 ph\u00e1t tri\u1ec3n chi\u1ec1u cao hi\u1ec7u qu\u1ea3<\/p>\r\n\r\n\r\n\r\n<p>&#8211; H\u1ed7 tr\u1ee3 \u1ed5n \u0111\u1ecbnh gi\u1ea5c ng\u1ee7<\/p>\r\n\r\n\r\n\r\n<p>&#8211; C\u1ea3i thi\u1ec7n c\u00e1c t\u00ecnh tr\u1ea1ng do thi\u1ebfu canxi g\u00e2y ra nh\u01b0: tr\u1ebb qu\u1ea5y kh\u00f3c \u0111\u00eam, r\u1ee5ng t\u00f3c v\u00e0nh kh\u0103n, ra m\u1ed3 h\u00f4i tr\u1ed9m\u2026<\/p>\r\n\r\n\r\n\r\n<p>&#8211; H\u1ed7 tr\u1ee3 h\u1ec7 mi\u1ec5n d\u1ecbch kh\u1ecfe m\u1ea1nh<\/p>\r\n\r\n\r\n\r\n<figure class=\"wp-block-image\"><img decoding=\"async\" src=\"https:\/\/down-vn.img.susercontent.com\/file\/vn-11134208-7ras8-m0ynq2krhouz99\" alt=\"\" \/><\/figure>\r\n\r\n\r\n\r\n<p>5. H\u01af\u1edaNG D\u1eaaN S\u1eec D\u1ee4NG<\/p>\r\n\r\n\r\n\r\n<p>&#8211; Tr\u1ebb 0-12 th\u00e1ng tu\u1ed5i: M\u1ed7i ng\u00e0y d\u00f9ng 0,25 ml ho\u1eb7c theo h\u01b0\u1edbng d\u1eabn c\u1ee7a b\u00e1c s\u0129 Nhi khoa ho\u1eb7c chuy\u00ean gia y t\u1ebf.<\/p>\r\n\r\n\r\n\r\n<p>&#8211; S\u1eed d\u1ee5ng \u1ed1ng nh\u1ecf gi\u1ecdt \u0111\u1ec3 l\u1ea5y 0,25ml cho ra th\u00eca mu\u1ed7ng \u0111\u00fat b\u00e9 u\u1ed1ng, ho\u1eb7c nh\u1ecf l\u00ean ti gi\u1ea3 ho\u1eb7c ti m\u1eb9 tr\u01b0\u1edbc khi cho con b\u00fa. Ho\u1eb7c c\u00f3 th\u1ec3 pha chung v\u1edbi s\u1eefa, tr\u1ed9n chung v\u1edbi th\u1ee9c \u0103n, n\u01b0\u1edbc hoa qu\u1ea3&#8230;<\/p>\r\n\r\n\r\n\r\n<p>&#8211; Sau khi d\u00f9ng r\u1eeda s\u1ea1ch \u1ed1ng nh\u1ecf gi\u1ecdt v\u1edbi n\u01b0\u1edbc \u1ea5m &amp; c\u1ea5t n\u01a1i kh\u00f4 r\u00e1o tho\u00e1ng kh\u00ed.<\/p>\r\n\r\n\r\n\r\n<p>6. B\u1ea2O QU\u1ea2N<\/p>\r\n\r\n\r\n\r\n<p>&#8211; \u0110\u1ec3 n\u01a1i tho\u00e1ng m\u00e1t tr\u00e1nh \u00e1nh n\u1eafng chi\u1ebfu v\u00e0o v\u00e0 s\u1eed d\u1ee5ng t\u1ed1t nh\u1ea5t trong v\u00f2ng 3 th\u00e1ng k\u1ec3 t\u1eeb ng\u00e0y m\u1edf n\u1eafp.<\/p>\r\n\r\n\r\n\r\n<p>&#8211; \u0110\u1ec3 xa t\u1ea7m tay tr\u1ebb em<\/p>\r\n\r\n\r\n\r\n<p>7. L\u01afU \u00dd<\/p>\r\n\r\n\r\n\r\n<p>&#8211; Kh\u00f4ng s\u1eed d\u1ee5ng cho ng\u01b0\u1eddi m\u1eabn c\u1ea3m v\u1edbi b\u1ea5t c\u1ee9 th\u00e0nh ph\u1ea7n n\u00e0o c\u1ee7a s\u1ea3n ph\u1ea9m.<\/p>\r\n\r\n\r\n\r\n<p>&#8211; Tham kh\u1ea3o \u00fd ki\u1ebfn c\u1ee7a chuy\u00ean gia y t\u1ebf tr\u01b0\u1edbc khi s\u1eed d\u1ee5ng vitamin D cho tr\u1ebb n\u1ebfu tr\u1ebb \u0111ang m\u1eafc b\u1ec7nh l\u00fd ho\u1eb7c \u0111ang s\u1eed d\u1ee5ng c\u00e1c thu\u1ed1c \u0111i\u1ec1u tr\u1ecb.<\/p>\r\n\r\n\r\n\r\n<p>&#8211; Kh\u00f4ng t\u1ef1 \u00fd s\u1eed d\u1ee5ng qu\u00e1 li\u1ec1u khuy\u1ebfn c\u00e1o tr\u01b0\u1edbc khi tham kh\u1ea3o \u00fd ki\u1ebfn c\u1ee7a chuy\u00ean gia y t\u1ebf.<\/p>\r\n\r\n\r\n\r\n<p>&#8211; N\u1ebfu c\u00f3 kh\u00f4ng kh\u00ed b\u00ean trong chai, \u0111\u00f3ng n\u1eafp v\u00e0 nh\u1eb9 nh\u00e0ng l\u1eadt ng\u01b0\u1ee3c 1 v\u00e0i l\u1ea7n tr\u01b0\u1edbc khi s\u1eed d\u1ee5ng.<\/p>\r\n\r\n\r\n\r\n<p>&#8211; S\u1ea3n ph\u1ea9m n\u00e0y kh\u00f4ng ph\u1ea3i l\u00e0 thu\u1ed1c v\u00e0 kh\u00f4ng c\u00f3 t\u00e1c d\u1ee5ng thay th\u1ebf thu\u1ed1c ch\u1eefa b\u1ec7nh.<\/p>\r\n\r\n\r\n\r\n<p>&#8211; \u0110\u1ecdc k\u1ef9 h\u01b0\u1edbng d\u1eabn s\u1eed d\u1ee5ng tr\u01b0\u1edbc khi d\u00f9ng.<\/p>\r\n\r\n\r\n\r\n<p>#NordicNaturals #me&amp;be #thucphamchucnang #BabyVitaminD3 #vitaminD #vitamind3<\/p>\r\n","protected":false},"excerpt":{"rendered":"<p>&#8211; Th\u01b0\u01a1ng hi\u1ec7u: Nordic Naturals<\/p>\n<p>&#8211; Xu\u1ea5t x\u1ee9: Hoa K\u1ef3<\/p>\n<p>&#8211; Quy c\u00e1ch: H\u1ed9p 1 chai x 22,5 ml<\/p>\n<p>&#8211; H\u1ea1n s\u1eed d\u1ee5ng: xem tr\u00ean bao b\u00ec s\u1ea3n ph\u1ea9m<\/p>\n","protected":false},"featured_media":10918,"template":"","meta":[],"product_cat":[61,119,115],"class_list":["post-11064","product","type-product","status-publish","has-post-thumbnail","hentry","product_cat-infants","product_cat-nordic-naturals","product_cat-vitamin-minerals"],"acf":[],"yoast_head":"<!-- This site is optimized with the Yoast SEO plugin v27.1.1 - https:\/\/yoast.com\/product\/yoast-seo-wordpress\/ -->\n<title>Baby&#039;s Vitamin D3 22.5ml - GreenWise<\/title>\n<meta name=\"robots\" content=\"index, follow, max-snippet:-1, max-image-preview:large, max-video-preview:-1\" \/>\n<link rel=\"canonical\" href=\"https:\/\/greenwise.vn\/en\/san-pham\/babys-vitamin-d3-22-5ml\/\" \/>\n<meta property=\"og:locale\" content=\"en_US\" \/>\n<meta property=\"og:type\" content=\"article\" \/>\n<meta property=\"og:title\" content=\"Baby&#039;s Vitamin D3 22.5ml - GreenWise\" \/>\n<meta property=\"og:description\" content=\"- Th\u01b0\u01a1ng hi\u1ec7u: Nordic Naturals  - Xu\u1ea5t x\u1ee9: Hoa K\u1ef3  - Quy c\u00e1ch: H\u1ed9p 1 chai x 22,5 ml  - H\u1ea1n s\u1eed d\u1ee5ng: xem tr\u00ean bao b\u00ec s\u1ea3n ph\u1ea9m\" \/>\n<meta property=\"og:url\" content=\"https:\/\/greenwise.vn\/en\/san-pham\/babys-vitamin-d3-22-5ml\/\" \/>\n<meta property=\"og:site_name\" content=\"GreenWise\" \/>\n<meta property=\"article:modified_time\" content=\"2025-08-14T08:33:11+00:00\" \/>\n<meta property=\"og:image\" content=\"https:\/\/greenwise.vn\/wp-content\/uploads\/2025\/05\/02733RB1-BabyVitaminD3_1oz_Combo.jpg\" \/>\n\t<meta property=\"og:image:width\" content=\"2000\" \/>\n\t<meta property=\"og:image:height\" content=\"2000\" \/>\n\t<meta property=\"og:image:type\" content=\"image\/jpeg\" \/>\n<meta name=\"twitter:card\" content=\"summary_large_image\" \/>\n<meta name=\"twitter:label1\" content=\"Est. reading time\" \/>\n\t<meta name=\"twitter:data1\" content=\"5 minutes\" \/>\n<script type=\"application\/ld+json\" class=\"yoast-schema-graph\">{\"@context\":\"https:\/\/schema.org\",\"@graph\":[{\"@type\":\"WebPage\",\"@id\":\"https:\/\/greenwise.vn\/en\/san-pham\/babys-vitamin-d3-22-5ml\/\",\"url\":\"https:\/\/greenwise.vn\/en\/san-pham\/babys-vitamin-d3-22-5ml\/\",\"name\":\"Baby's Vitamin D3 22.5ml - GreenWise\",\"isPartOf\":{\"@id\":\"https:\/\/greenwise.vn\/en\/#website\"},\"primaryImageOfPage\":{\"@id\":\"https:\/\/greenwise.vn\/en\/san-pham\/babys-vitamin-d3-22-5ml\/#primaryimage\"},\"image\":{\"@id\":\"https:\/\/greenwise.vn\/en\/san-pham\/babys-vitamin-d3-22-5ml\/#primaryimage\"},\"thumbnailUrl\":\"https:\/\/greenwise.vn\/wp-content\/uploads\/2025\/05\/02733RB1-BabyVitaminD3_1oz_Combo.jpg\",\"datePublished\":\"2025-05-28T07:51:03+00:00\",\"dateModified\":\"2025-08-14T08:33:11+00:00\",\"breadcrumb\":{\"@id\":\"https:\/\/greenwise.vn\/en\/san-pham\/babys-vitamin-d3-22-5ml\/#breadcrumb\"},\"inLanguage\":\"en-US\",\"potentialAction\":[{\"@type\":\"ReadAction\",\"target\":[\"https:\/\/greenwise.vn\/en\/san-pham\/babys-vitamin-d3-22-5ml\/\"]}]},{\"@type\":\"ImageObject\",\"inLanguage\":\"en-US\",\"@id\":\"https:\/\/greenwise.vn\/en\/san-pham\/babys-vitamin-d3-22-5ml\/#primaryimage\",\"url\":\"https:\/\/greenwise.vn\/wp-content\/uploads\/2025\/05\/02733RB1-BabyVitaminD3_1oz_Combo.jpg\",\"contentUrl\":\"https:\/\/greenwise.vn\/wp-content\/uploads\/2025\/05\/02733RB1-BabyVitaminD3_1oz_Combo.jpg\",\"width\":2000,\"height\":2000},{\"@type\":\"BreadcrumbList\",\"@id\":\"https:\/\/greenwise.vn\/en\/san-pham\/babys-vitamin-d3-22-5ml\/#breadcrumb\",\"itemListElement\":[{\"@type\":\"ListItem\",\"position\":1,\"name\":\"Home\",\"item\":\"https:\/\/greenwise.vn\/en\/\"},{\"@type\":\"ListItem\",\"position\":2,\"name\":\"Products\",\"item\":\"https:\/\/greenwise.vn\/san-pham\/\"},{\"@type\":\"ListItem\",\"position\":3,\"name\":\"Baby&#8217;s Vitamin D3 22.5ml\"}]},{\"@type\":\"WebSite\",\"@id\":\"https:\/\/greenwise.vn\/en\/#website\",\"url\":\"https:\/\/greenwise.vn\/en\/\",\"name\":\"GreenWise\",\"description\":\"Empowering Healthier Lives with Trusted Global Brands\",\"publisher\":{\"@id\":\"https:\/\/greenwise.vn\/en\/#organization\"},\"potentialAction\":[{\"@type\":\"SearchAction\",\"target\":{\"@type\":\"EntryPoint\",\"urlTemplate\":\"https:\/\/greenwise.vn\/en\/?s={search_term_string}\"},\"query-input\":{\"@type\":\"PropertyValueSpecification\",\"valueRequired\":true,\"valueName\":\"search_term_string\"}}],\"inLanguage\":\"en-US\"},{\"@type\":\"Organization\",\"@id\":\"https:\/\/greenwise.vn\/en\/#organization\",\"name\":\"GreenWise\",\"url\":\"https:\/\/greenwise.vn\/en\/\",\"logo\":{\"@type\":\"ImageObject\",\"inLanguage\":\"en-US\",\"@id\":\"https:\/\/greenwise.vn\/en\/#\/schema\/logo\/image\/\",\"url\":\"https:\/\/greenwise.vn\/wp-content\/uploads\/2025\/05\/cropped-cropped-Thiet-ke-chua-co-ten-3.png\",\"contentUrl\":\"https:\/\/greenwise.vn\/wp-content\/uploads\/2025\/05\/cropped-cropped-Thiet-ke-chua-co-ten-3.png\",\"width\":194,\"height\":55,\"caption\":\"GreenWise\"},\"image\":{\"@id\":\"https:\/\/greenwise.vn\/en\/#\/schema\/logo\/image\/\"}}]}<\/script>\n<!-- \/ Yoast SEO plugin. -->","yoast_head_json":{"title":"Baby's Vitamin D3 22.5ml - GreenWise","robots":{"index":"index","follow":"follow","max-snippet":"max-snippet:-1","max-image-preview":"max-image-preview:large","max-video-preview":"max-video-preview:-1"},"canonical":"https:\/\/greenwise.vn\/en\/san-pham\/babys-vitamin-d3-22-5ml\/","og_locale":"en_US","og_type":"article","og_title":"Baby's Vitamin D3 22.5ml - GreenWise","og_description":"- Th\u01b0\u01a1ng hi\u1ec7u: Nordic Naturals  - Xu\u1ea5t x\u1ee9: Hoa K\u1ef3  - Quy c\u00e1ch: H\u1ed9p 1 chai x 22,5 ml  - H\u1ea1n s\u1eed d\u1ee5ng: xem tr\u00ean bao b\u00ec s\u1ea3n ph\u1ea9m","og_url":"https:\/\/greenwise.vn\/en\/san-pham\/babys-vitamin-d3-22-5ml\/","og_site_name":"GreenWise","article_modified_time":"2025-08-14T08:33:11+00:00","og_image":[{"width":2000,"height":2000,"url":"https:\/\/greenwise.vn\/wp-content\/uploads\/2025\/05\/02733RB1-BabyVitaminD3_1oz_Combo.jpg","type":"image\/jpeg"}],"twitter_card":"summary_large_image","twitter_misc":{"Est. reading time":"5 minutes"},"schema":{"@context":"https:\/\/schema.org","@graph":[{"@type":"WebPage","@id":"https:\/\/greenwise.vn\/en\/san-pham\/babys-vitamin-d3-22-5ml\/","url":"https:\/\/greenwise.vn\/en\/san-pham\/babys-vitamin-d3-22-5ml\/","name":"Baby's Vitamin D3 22.5ml - GreenWise","isPartOf":{"@id":"https:\/\/greenwise.vn\/en\/#website"},"primaryImageOfPage":{"@id":"https:\/\/greenwise.vn\/en\/san-pham\/babys-vitamin-d3-22-5ml\/#primaryimage"},"image":{"@id":"https:\/\/greenwise.vn\/en\/san-pham\/babys-vitamin-d3-22-5ml\/#primaryimage"},"thumbnailUrl":"https:\/\/greenwise.vn\/wp-content\/uploads\/2025\/05\/02733RB1-BabyVitaminD3_1oz_Combo.jpg","datePublished":"2025-05-28T07:51:03+00:00","dateModified":"2025-08-14T08:33:11+00:00","breadcrumb":{"@id":"https:\/\/greenwise.vn\/en\/san-pham\/babys-vitamin-d3-22-5ml\/#breadcrumb"},"inLanguage":"en-US","potentialAction":[{"@type":"ReadAction","target":["https:\/\/greenwise.vn\/en\/san-pham\/babys-vitamin-d3-22-5ml\/"]}]},{"@type":"ImageObject","inLanguage":"en-US","@id":"https:\/\/greenwise.vn\/en\/san-pham\/babys-vitamin-d3-22-5ml\/#primaryimage","url":"https:\/\/greenwise.vn\/wp-content\/uploads\/2025\/05\/02733RB1-BabyVitaminD3_1oz_Combo.jpg","contentUrl":"https:\/\/greenwise.vn\/wp-content\/uploads\/2025\/05\/02733RB1-BabyVitaminD3_1oz_Combo.jpg","width":2000,"height":2000},{"@type":"BreadcrumbList","@id":"https:\/\/greenwise.vn\/en\/san-pham\/babys-vitamin-d3-22-5ml\/#breadcrumb","itemListElement":[{"@type":"ListItem","position":1,"name":"Home","item":"https:\/\/greenwise.vn\/en\/"},{"@type":"ListItem","position":2,"name":"Products","item":"https:\/\/greenwise.vn\/san-pham\/"},{"@type":"ListItem","position":3,"name":"Baby&#8217;s Vitamin D3 22.5ml"}]},{"@type":"WebSite","@id":"https:\/\/greenwise.vn\/en\/#website","url":"https:\/\/greenwise.vn\/en\/","name":"GreenWise","description":"Empowering Healthier Lives with Trusted Global Brands","publisher":{"@id":"https:\/\/greenwise.vn\/en\/#organization"},"potentialAction":[{"@type":"SearchAction","target":{"@type":"EntryPoint","urlTemplate":"https:\/\/greenwise.vn\/en\/?s={search_term_string}"},"query-input":{"@type":"PropertyValueSpecification","valueRequired":true,"valueName":"search_term_string"}}],"inLanguage":"en-US"},{"@type":"Organization","@id":"https:\/\/greenwise.vn\/en\/#organization","name":"GreenWise","url":"https:\/\/greenwise.vn\/en\/","logo":{"@type":"ImageObject","inLanguage":"en-US","@id":"https:\/\/greenwise.vn\/en\/#\/schema\/logo\/image\/","url":"https:\/\/greenwise.vn\/wp-content\/uploads\/2025\/05\/cropped-cropped-Thiet-ke-chua-co-ten-3.png","contentUrl":"https:\/\/greenwise.vn\/wp-content\/uploads\/2025\/05\/cropped-cropped-Thiet-ke-chua-co-ten-3.png","width":194,"height":55,"caption":"GreenWise"},"image":{"@id":"https:\/\/greenwise.vn\/en\/#\/schema\/logo\/image\/"}}]}},"_links":{"self":[{"href":"https:\/\/greenwise.vn\/en\/wp-json\/wp\/v2\/product\/11064","targetHints":{"allow":["GET"]}}],"collection":[{"href":"https:\/\/greenwise.vn\/en\/wp-json\/wp\/v2\/product"}],"about":[{"href":"https:\/\/greenwise.vn\/en\/wp-json\/wp\/v2\/types\/product"}],"version-history":[{"count":1,"href":"https:\/\/greenwise.vn\/en\/wp-json\/wp\/v2\/product\/11064\/revisions"}],"predecessor-version":[{"id":12034,"href":"https:\/\/greenwise.vn\/en\/wp-json\/wp\/v2\/product\/11064\/revisions\/12034"}],"wp:featuredmedia":[{"embeddable":true,"href":"https:\/\/greenwise.vn\/en\/wp-json\/wp\/v2\/media\/10918"}],"wp:attachment":[{"href":"https:\/\/greenwise.vn\/en\/wp-json\/wp\/v2\/media?parent=11064"}],"wp:term":[{"taxonomy":"product_cat","embeddable":true,"href":"https:\/\/greenwise.vn\/en\/wp-json\/wp\/v2\/product_cat?post=11064"}],"curies":[{"name":"wp","href":"https:\/\/api.w.org\/{rel}","templated":true}]}}