{"id":11063,"date":"2025-05-28T07:49:24","date_gmt":"2025-05-28T07:49:24","guid":{"rendered":"https:\/\/greenwise.kanbox.vn\/?post_type=product&#038;p=11063"},"modified":"2025-09-03T08:29:37","modified_gmt":"2025-09-03T08:29:37","slug":"prenatal-dha-unflavored-90ct","status":"publish","type":"product","link":"https:\/\/greenwise.vn\/en\/san-pham\/prenatal-dha-unflavored-90ct\/","title":{"rendered":"Prenatal DHA Unflavored 90ct"},"content":{"rendered":"\r\n<p>Nordic Naturals l\u00e0 th\u01b0\u01a1ng hi\u1ec7u \u0111\u1ebfn t\u1eeb M\u1ef9 v\u1edbi g\u1ea7n 30 n\u0103m nghi\u00ean c\u1ee9u v\u00e0 ph\u00e1t tri\u1ec3n \u0111\u00e3 cho ra \u0111\u1eddi nhi\u1ec1u s\u1ea3n ph\u1ea9m ch\u1ea5t l\u01b0\u1ee3ng, hi\u1ec7n nay c\u00f3 m\u1eb7t t\u1ea1i h\u01a1n 36 qu\u1ed1c gia &amp; 6 ch\u00e2u l\u1ee5c. Omega-3 (DHA) v\u00e0 c\u00e1c d\u01b0\u1ee1ng ch\u1ea5t c\u01a1 b\u1ea3n kh\u00e1c c\u1ee7a Nordic Naturals \u0111\u00e3 \u0111\u1ea1t 138 gi\u1ea3i th\u01b0\u1edfng qu\u1ed1c t\u1ebf danh gi\u00e1 t\u1eeb qu\u00e1 tr\u00ecnh nghi\u00ean c\u1ee9u v\u00e0 ki\u1ec3m tra nghi\u00eam ng\u1eb7t, c\u00f4ng th\u1ee9c b\u00e0o ch\u1ebf t\u1eeb chuy\u00ean gia, \u0111\u01b0\u1ee3c ki\u1ec3m ch\u1ee9ng hi\u1ec7u qu\u1ea3 v\u00e0 tr\u00ean h\u1ebft l\u00e0 h\u01b0\u01a1ng v\u1ecb th\u01a1m ngon &amp; \u0111\u1ed9 tinh khi\u1ebft \u0111\u01b0\u1ee3c b\u00ean th\u1ee9 3 ki\u1ec3m \u0111\u1ecbnh \u1edf m\u1ed7i l\u00f4 s\u1ea3n ph\u1ea9m.<\/p>\r\n\r\n\r\n\r\n<p>1. TH\u00d4NG TIN S\u1ea2N PH\u1ea8M<\/p>\r\n\r\n\r\n\r\n<p>&#8211; Th\u01b0\u01a1ng hi\u1ec7u: Nordic Naturals<\/p>\r\n\r\n\r\n\r\n<p>&#8211; Xu\u1ea5t x\u1ee9: Hoa K\u1ef3<\/p>\r\n\r\n\r\n\r\n<p>&#8211; Quy c\u00e1ch: H\u1ed9p 1 l\u1ecd x 90 vi\u00ean nang m\u1ec1m<\/p>\r\n\r\n\r\n\r\n<p>&#8211; H\u1ea1n s\u1eed d\u1ee5ng: xem tr\u00ean bao b\u00ec s\u1ea3n ph\u1ea9m<\/p>\r\n\r\n\r\n\r\n<figure class=\"wp-block-image\"><img decoding=\"async\" src=\"https:\/\/down-vn.img.susercontent.com\/file\/vn-11134208-7ras8-m4ik4at1v6owb9\" alt=\"\" \/><\/figure>\r\n\r\n\r\n\r\n<p>2. \u01afU \u0110I\u1ec2M N\u1ed4I B\u1eacT C\u1ee6A S\u1ea2N PH\u1ea8M<\/p>\r\n\r\n\r\n\r\n<p>&#8211; S\u1ea3n ph\u1ea9m \u0111\u01b0\u1ee3c ch\u1ee9ng nh\u1eadn l\u00e0 DHA ch\u00ednh th\u1ee9c cho m\u1eb9 b\u1ea7u c\u1ee7a Hi\u1ec7p h\u1ed9i Thai s\u1ea3n Hoa K\u1ef3.<\/p>\r\n\r\n\r\n\r\n<p>&#8211; C\u00f4ng ngh\u1ec7 s\u1ea3n xu\u1ea5t hi\u1ec7n \u0111\u1ea1i b\u1eadc nh\u1ea5t: quy tr\u00ecnh ch\u01b0ng c\u1ea5t ph\u00e2n t\u1eed \u1edf nhi\u1ec7t \u0111\u1ed9 th\u1ea5p v\u00e0 trong m\u00f4i tr\u01b0\u1eddng kh\u00f4ng c\u00f3 oxy \u0111\u1ec3 mang l\u1ea1i \u0111\u1ed9 t\u01b0\u01a1i v\u00e0 \u0111\u1ed9 tinh khi\u1ebft v\u01b0\u1ee3t tr\u1ed9i, \u0111\u1ea3m b\u1ea3o lo\u1ea1i b\u1ecf h\u1ebft c\u00e1c kim lo\u1ea1i n\u1eb7ng, dioxin v\u00e0 c\u00e1c ch\u1ea5t \u0111\u1ed9c kh\u00e1c c\u0169ng nh\u01b0 gi\u00fap s\u1ea3n ph\u1ea9m kh\u00f4ng c\u00f3 m\u00f9i tanh kh\u00f3 ch\u1ecbu.<\/p>\r\n\r\n\r\n\r\n<p>&#8211; Tr\u00ean 90% Omega-3 \u1edf d\u1ea1ng triglycerid &#8211; \u0111\u00e2y l\u00e0 d\u1ea1ng t\u1ef1 nhi\u00ean c\u01a1 th\u1ec3 d\u1ec5 h\u1ea5p thu nh\u1ea5t, \u0111\u1ea3m b\u1ea3o kh\u1ea3 n\u0103ng h\u1ea5p thu t\u1ed1i \u01b0u\u2014cao h\u01a1n t\u1edbi 70% so v\u1edbi c\u00e1c s\u1ea3n ph\u1ea9m kh\u00e1c \u1edf d\u1ea1ng ethyl ester.<\/p>\r\n\r\n\r\n\r\n<p>&#8211; T\u1ea5t c\u1ea3 c\u00e1c l\u00f4 s\u1ea3n ph\u1ea9m c\u1ee7a Nordic Naturals \u0111\u1ec1u \u0111\u01b0\u1ee3c c\u00e1c t\u1ed5 ch\u1ee9c th\u1ee9 ba uy t\u00edn ki\u1ec3m \u0111\u1ecbnh ch\u1ea5t l\u01b0\u1ee3ng tr\u01b0\u1edbc khi xu\u1ea5t x\u01b0\u1edfng. B\u1ea1n ch\u1ec9 c\u1ea7n qu\u00e9t m\u00e3 QR tr\u00ean bao b\u00ec s\u1ea3n ph\u1ea9m l\u00e0 c\u00f3 th\u1ec3 truy c\u1eadp v\u00e0o k\u1ebft qu\u1ea3 ki\u1ec3m \u0111\u1ecbnh (Certificate of Analysis) \u0111\u1ec3 ki\u1ec3m tra th\u00f4ng tin ch\u1ea5t l\u01b0\u1ee3ng s\u1ea3n ph\u1ea9m m\u1ed9t c\u00e1ch nhanh ch\u00f3ng.<\/p>\r\n\r\n\r\n\r\n<p>&#8211; H\u00e0m l\u01b0\u1ee3ng DHA trong 2 vi\u00ean nang m\u1ec1m cung c\u1ea5p 480 mg DHA m\u1ed7i ng\u00e0y, \u0111\u00e1p \u1ee9ng nhu c\u1ea7u c\u1ee7a c\u00e1c m\u1eb9 b\u1ea7u trong giai \u0111o\u1ea1n mang thai.<\/p>\r\n\r\n\r\n\r\n<p>&#8211; Vi\u00ean nang m\u1ec1m nh\u1ecf, d\u1ec5 nu\u1ed1t, kh\u00f4ng c\u00f3 m\u00f9i tanh d\u00f9ng \u0111\u01b0\u1ee3c cho c\u1ea3 c\u00e1c m\u1eb9 b\u1ea7u b\u1ecb ngh\u00e9n, nh\u1ea1y c\u1ea3m v\u1edbi m\u00f9i v\u1ecb.<\/p>\r\n\r\n\r\n\r\n<p>3. TH\u00c0NH PH\u1ea6N CH\u00cdNH<\/p>\r\n\r\n\r\n\r\n<p>&#8211; M\u1ed7i 2 vi\u00ean nang m\u1ec1m c\u00f3 ch\u1ee9a:<\/p>\r\n\r\n\r\n\r\n<p>+ D\u1ea7u c\u00e1 bi\u1ec3n s\u00e2u tinh khi\u1ebft t\u1eeb c\u00e1 c\u01a1m v\u00e0 c\u00e1 m\u00f2i (480mg DHA &amp; 205mg EPA)<\/p>\r\n\r\n\r\n\r\n<p>+ Vitamin D3 t\u1ef1 nhi\u00ean (cholecalciferol): 10 mcg (400 IU)<\/p>\r\n\r\n\r\n\r\n<p>&#8211; S\u1ea3n ph\u1ea9m kh\u00f4ng ch\u1ee9a: gluten, ch\u1ebf ph\u1ea9m t\u1eeb s\u1eefa, ch\u1ea5t t\u1ea1o m\u00e0u nh\u00e2n t\u1ea1o.<\/p>\r\n\r\n\r\n\r\n<figure class=\"wp-block-image\"><img decoding=\"async\" src=\"https:\/\/down-vn.img.susercontent.com\/file\/vn-11134208-7ra0g-m8ef6ssw6lqf06\" alt=\"\" \/><\/figure>\r\n\r\n\r\n\r\n<p>4. C\u00d4NG D\u1ee4NG<\/p>\r\n\r\n\r\n\r\n<p>&#8211; Ph\u00e1t tri\u1ec3n n\u00e3o b\u1ed9 &amp; th\u1ecb gi\u00e1c thai nhi.<\/p>\r\n\r\n\r\n\r\n<p>&#8211; C\u1ea3i thi\u1ec7n t\u00e2m tr\u1ea1ng m\u1eb9 b\u1ea7u, duy tr\u00ec thai k\u00ec kh\u1ecfe m\u1ea1nh.<\/p>\r\n\r\n\r\n\r\n<p>&#8211; T\u0103ng c\u01b0\u1eddng h\u1ec7 mi\u1ec5n d\u1ecbch.<\/p>\r\n\r\n\r\n\r\n<figure class=\"wp-block-image\"><img decoding=\"async\" src=\"https:\/\/down-vn.img.susercontent.com\/file\/vn-11134208-7ras8-m3d1jhdw3wkoc8\" alt=\"\" \/><\/figure>\r\n\r\n\r\n\r\n<p>5. H\u01af\u1edaNG D\u1eaaN S\u1eec D\u1ee4NG<\/p>\r\n\r\n\r\n\r\n<p>&#8211; U\u1ed1ng 1-2 vi\u00ean m\u1ed7i ng\u00e0y ngay sau b\u1eefa \u0103n, ho\u1eb7c theo ch\u1ec9 d\u1eabn c\u1ee7a chuy\u00ean gia y t\u1ebf ho\u1eb7c d\u01b0\u1ee3c s\u0129.<\/p>\r\n\r\n\r\n\r\n<p>6. B\u1ea2O QU\u1ea2N<\/p>\r\n\r\n\r\n\r\n<p>&#8211; B\u1ea3o qu\u1ea3n \u1edf n\u01a1i kh\u00f4 r\u00e1o, tho\u00e1ng m\u00e1t, tr\u00e1nh \u00e1nh n\u1eafng m\u1eb7t tr\u1eddi.<\/p>\r\n\r\n\r\n\r\n<p>&#8211; \u0110\u1ec3 xa t\u1ea7m tay tr\u1ebb em.<\/p>\r\n\r\n\r\n\r\n<p>7. L\u01afU \u00dd<\/p>\r\n\r\n\r\n\r\n<p>&#8211; Kh\u00f4ng s\u1eed d\u1ee5ng cho ng\u01b0\u1eddi m\u1eabn c\u1ea3m v\u1edbi b\u1ea5t c\u1ee9 th\u00e0nh ph\u1ea7n n\u00e0o c\u1ee7a s\u1ea3n ph\u1ea9m.<\/p>\r\n\r\n\r\n\r\n<p>&#8211; Tham kh\u1ea3o \u00fd ki\u1ebfn chuy\u00ean gia y t\u1ebf tr\u01b0\u1edbc khi s\u1eed d\u1ee5ng n\u1ebfu b\u1ea1n \u0111ang m\u1eafc b\u1ec7nh l\u00fd ho\u1eb7c \u0111ang s\u1eed d\u1ee5ng c\u00e1c thu\u1ed1c \u0111i\u1ec1u tr\u1ecb (bao g\u1ed3m thu\u1ed1c l\u00e0m lo\u00e3ng m\u00e1u).<\/p>\r\n\r\n\r\n\r\n<p>&#8211; Kh\u00f4ng s\u1eed d\u1ee5ng s\u1ea3n ph\u1ea9m n\u1ebfu m\u00e0ng seal kh\u00f4ng c\u00f2n nguy\u00ean v\u1eb9n.<\/p>\r\n\r\n\r\n\r\n<p>&#8211; S\u1ea3n ph\u1ea9m n\u00e0y kh\u00f4ng ph\u1ea3i l\u00e0 thu\u1ed1c v\u00e0 kh\u00f4ng c\u00f3 t\u00e1c d\u1ee5ng thay th\u1ebf thu\u1ed1c ch\u1eefa b\u1ec7nh.<\/p>\r\n\r\n\r\n\r\n<p>&#8211; \u0110\u1ecdc k\u1ef9 h\u01b0\u1edbng d\u1eabn s\u1eed d\u1ee5ng tr\u01b0\u1edbc khi d\u00f9ng.<\/p>\r\n\r\n\r\n\r\n<p>#DHAtriglyceride #daucatriglyceride #triglyceride #NordicNaturals #mebau #thucphamchucnang #mangthai #dha #dhanordicnaturals #DHAbau #DHAtangcuongtrinao #DHAtangcuongthiluc #thongminh #sangmat<\/p>\r\n","protected":false},"excerpt":{"rendered":"<p>Nordic Naturals l\u00e0 th\u01b0\u01a1ng hi\u1ec7u \u0111\u1ebfn t\u1eeb M\u1ef9 v\u1edbi g\u1ea7n 30 n\u0103m [&hellip;]<\/p>\n","protected":false},"featured_media":10955,"template":"","meta":[],"product_cat":[119,114,65],"class_list":["post-11063","product","type-product","status-publish","has-post-thumbnail","hentry","product_cat-nordic-naturals","product_cat-omega-3","product_cat-women"],"acf":[],"yoast_head":"<!-- This site is optimized with the Yoast SEO plugin v27.1.1 - https:\/\/yoast.com\/product\/yoast-seo-wordpress\/ -->\n<title>Prenatal DHA Unflavored 90ct - GreenWise<\/title>\n<meta name=\"robots\" content=\"index, follow, max-snippet:-1, max-image-preview:large, max-video-preview:-1\" \/>\n<link rel=\"canonical\" href=\"https:\/\/greenwise.vn\/en\/san-pham\/prenatal-dha-unflavored-90ct\/\" \/>\n<meta property=\"og:locale\" content=\"en_US\" \/>\n<meta property=\"og:type\" content=\"article\" \/>\n<meta property=\"og:title\" content=\"Prenatal DHA Unflavored 90ct - GreenWise\" \/>\n<meta property=\"og:description\" content=\"Nordic Naturals l\u00e0 th\u01b0\u01a1ng hi\u1ec7u \u0111\u1ebfn t\u1eeb M\u1ef9 v\u1edbi g\u1ea7n 30 n\u0103m [&hellip;]\" \/>\n<meta property=\"og:url\" content=\"https:\/\/greenwise.vn\/en\/san-pham\/prenatal-dha-unflavored-90ct\/\" \/>\n<meta property=\"og:site_name\" content=\"GreenWise\" \/>\n<meta property=\"article:modified_time\" content=\"2025-09-03T08:29:37+00:00\" \/>\n<meta property=\"og:image\" content=\"https:\/\/greenwise.vn\/wp-content\/uploads\/2025\/05\/01741RP1-PrenatalDHAunflavored_90ct_Front-B.jpg\" \/>\n\t<meta property=\"og:image:width\" content=\"2000\" \/>\n\t<meta property=\"og:image:height\" content=\"2000\" \/>\n\t<meta property=\"og:image:type\" content=\"image\/jpeg\" \/>\n<meta name=\"twitter:card\" content=\"summary_large_image\" \/>\n<meta name=\"twitter:label1\" content=\"Est. reading time\" \/>\n\t<meta name=\"twitter:data1\" content=\"5 minutes\" \/>\n<script type=\"application\/ld+json\" class=\"yoast-schema-graph\">{\"@context\":\"https:\/\/schema.org\",\"@graph\":[{\"@type\":\"WebPage\",\"@id\":\"https:\/\/greenwise.vn\/en\/san-pham\/prenatal-dha-unflavored-90ct\/\",\"url\":\"https:\/\/greenwise.vn\/en\/san-pham\/prenatal-dha-unflavored-90ct\/\",\"name\":\"Prenatal DHA Unflavored 90ct - GreenWise\",\"isPartOf\":{\"@id\":\"https:\/\/greenwise.vn\/en\/#website\"},\"primaryImageOfPage\":{\"@id\":\"https:\/\/greenwise.vn\/en\/san-pham\/prenatal-dha-unflavored-90ct\/#primaryimage\"},\"image\":{\"@id\":\"https:\/\/greenwise.vn\/en\/san-pham\/prenatal-dha-unflavored-90ct\/#primaryimage\"},\"thumbnailUrl\":\"https:\/\/greenwise.vn\/wp-content\/uploads\/2025\/05\/01741RP1-PrenatalDHAunflavored_90ct_Front-B.jpg\",\"datePublished\":\"2025-05-28T07:49:24+00:00\",\"dateModified\":\"2025-09-03T08:29:37+00:00\",\"breadcrumb\":{\"@id\":\"https:\/\/greenwise.vn\/en\/san-pham\/prenatal-dha-unflavored-90ct\/#breadcrumb\"},\"inLanguage\":\"en-US\",\"potentialAction\":[{\"@type\":\"ReadAction\",\"target\":[\"https:\/\/greenwise.vn\/en\/san-pham\/prenatal-dha-unflavored-90ct\/\"]}]},{\"@type\":\"ImageObject\",\"inLanguage\":\"en-US\",\"@id\":\"https:\/\/greenwise.vn\/en\/san-pham\/prenatal-dha-unflavored-90ct\/#primaryimage\",\"url\":\"https:\/\/greenwise.vn\/wp-content\/uploads\/2025\/05\/01741RP1-PrenatalDHAunflavored_90ct_Front-B.jpg\",\"contentUrl\":\"https:\/\/greenwise.vn\/wp-content\/uploads\/2025\/05\/01741RP1-PrenatalDHAunflavored_90ct_Front-B.jpg\",\"width\":2000,\"height\":2000},{\"@type\":\"BreadcrumbList\",\"@id\":\"https:\/\/greenwise.vn\/en\/san-pham\/prenatal-dha-unflavored-90ct\/#breadcrumb\",\"itemListElement\":[{\"@type\":\"ListItem\",\"position\":1,\"name\":\"Home\",\"item\":\"https:\/\/greenwise.vn\/en\/\"},{\"@type\":\"ListItem\",\"position\":2,\"name\":\"Products\",\"item\":\"https:\/\/greenwise.vn\/san-pham\/\"},{\"@type\":\"ListItem\",\"position\":3,\"name\":\"Prenatal DHA Unflavored 90ct\"}]},{\"@type\":\"WebSite\",\"@id\":\"https:\/\/greenwise.vn\/en\/#website\",\"url\":\"https:\/\/greenwise.vn\/en\/\",\"name\":\"GreenWise\",\"description\":\"Empowering Healthier Lives with Trusted Global Brands\",\"publisher\":{\"@id\":\"https:\/\/greenwise.vn\/en\/#organization\"},\"potentialAction\":[{\"@type\":\"SearchAction\",\"target\":{\"@type\":\"EntryPoint\",\"urlTemplate\":\"https:\/\/greenwise.vn\/en\/?s={search_term_string}\"},\"query-input\":{\"@type\":\"PropertyValueSpecification\",\"valueRequired\":true,\"valueName\":\"search_term_string\"}}],\"inLanguage\":\"en-US\"},{\"@type\":\"Organization\",\"@id\":\"https:\/\/greenwise.vn\/en\/#organization\",\"name\":\"GreenWise\",\"url\":\"https:\/\/greenwise.vn\/en\/\",\"logo\":{\"@type\":\"ImageObject\",\"inLanguage\":\"en-US\",\"@id\":\"https:\/\/greenwise.vn\/en\/#\/schema\/logo\/image\/\",\"url\":\"https:\/\/greenwise.vn\/wp-content\/uploads\/2025\/05\/cropped-cropped-Thiet-ke-chua-co-ten-3.png\",\"contentUrl\":\"https:\/\/greenwise.vn\/wp-content\/uploads\/2025\/05\/cropped-cropped-Thiet-ke-chua-co-ten-3.png\",\"width\":194,\"height\":55,\"caption\":\"GreenWise\"},\"image\":{\"@id\":\"https:\/\/greenwise.vn\/en\/#\/schema\/logo\/image\/\"}}]}<\/script>\n<!-- \/ Yoast SEO plugin. -->","yoast_head_json":{"title":"Prenatal DHA Unflavored 90ct - GreenWise","robots":{"index":"index","follow":"follow","max-snippet":"max-snippet:-1","max-image-preview":"max-image-preview:large","max-video-preview":"max-video-preview:-1"},"canonical":"https:\/\/greenwise.vn\/en\/san-pham\/prenatal-dha-unflavored-90ct\/","og_locale":"en_US","og_type":"article","og_title":"Prenatal DHA Unflavored 90ct - GreenWise","og_description":"Nordic Naturals l\u00e0 th\u01b0\u01a1ng hi\u1ec7u \u0111\u1ebfn t\u1eeb M\u1ef9 v\u1edbi g\u1ea7n 30 n\u0103m [&hellip;]","og_url":"https:\/\/greenwise.vn\/en\/san-pham\/prenatal-dha-unflavored-90ct\/","og_site_name":"GreenWise","article_modified_time":"2025-09-03T08:29:37+00:00","og_image":[{"width":2000,"height":2000,"url":"https:\/\/greenwise.vn\/wp-content\/uploads\/2025\/05\/01741RP1-PrenatalDHAunflavored_90ct_Front-B.jpg","type":"image\/jpeg"}],"twitter_card":"summary_large_image","twitter_misc":{"Est. reading time":"5 minutes"},"schema":{"@context":"https:\/\/schema.org","@graph":[{"@type":"WebPage","@id":"https:\/\/greenwise.vn\/en\/san-pham\/prenatal-dha-unflavored-90ct\/","url":"https:\/\/greenwise.vn\/en\/san-pham\/prenatal-dha-unflavored-90ct\/","name":"Prenatal DHA Unflavored 90ct - GreenWise","isPartOf":{"@id":"https:\/\/greenwise.vn\/en\/#website"},"primaryImageOfPage":{"@id":"https:\/\/greenwise.vn\/en\/san-pham\/prenatal-dha-unflavored-90ct\/#primaryimage"},"image":{"@id":"https:\/\/greenwise.vn\/en\/san-pham\/prenatal-dha-unflavored-90ct\/#primaryimage"},"thumbnailUrl":"https:\/\/greenwise.vn\/wp-content\/uploads\/2025\/05\/01741RP1-PrenatalDHAunflavored_90ct_Front-B.jpg","datePublished":"2025-05-28T07:49:24+00:00","dateModified":"2025-09-03T08:29:37+00:00","breadcrumb":{"@id":"https:\/\/greenwise.vn\/en\/san-pham\/prenatal-dha-unflavored-90ct\/#breadcrumb"},"inLanguage":"en-US","potentialAction":[{"@type":"ReadAction","target":["https:\/\/greenwise.vn\/en\/san-pham\/prenatal-dha-unflavored-90ct\/"]}]},{"@type":"ImageObject","inLanguage":"en-US","@id":"https:\/\/greenwise.vn\/en\/san-pham\/prenatal-dha-unflavored-90ct\/#primaryimage","url":"https:\/\/greenwise.vn\/wp-content\/uploads\/2025\/05\/01741RP1-PrenatalDHAunflavored_90ct_Front-B.jpg","contentUrl":"https:\/\/greenwise.vn\/wp-content\/uploads\/2025\/05\/01741RP1-PrenatalDHAunflavored_90ct_Front-B.jpg","width":2000,"height":2000},{"@type":"BreadcrumbList","@id":"https:\/\/greenwise.vn\/en\/san-pham\/prenatal-dha-unflavored-90ct\/#breadcrumb","itemListElement":[{"@type":"ListItem","position":1,"name":"Home","item":"https:\/\/greenwise.vn\/en\/"},{"@type":"ListItem","position":2,"name":"Products","item":"https:\/\/greenwise.vn\/san-pham\/"},{"@type":"ListItem","position":3,"name":"Prenatal DHA Unflavored 90ct"}]},{"@type":"WebSite","@id":"https:\/\/greenwise.vn\/en\/#website","url":"https:\/\/greenwise.vn\/en\/","name":"GreenWise","description":"Empowering Healthier Lives with Trusted Global Brands","publisher":{"@id":"https:\/\/greenwise.vn\/en\/#organization"},"potentialAction":[{"@type":"SearchAction","target":{"@type":"EntryPoint","urlTemplate":"https:\/\/greenwise.vn\/en\/?s={search_term_string}"},"query-input":{"@type":"PropertyValueSpecification","valueRequired":true,"valueName":"search_term_string"}}],"inLanguage":"en-US"},{"@type":"Organization","@id":"https:\/\/greenwise.vn\/en\/#organization","name":"GreenWise","url":"https:\/\/greenwise.vn\/en\/","logo":{"@type":"ImageObject","inLanguage":"en-US","@id":"https:\/\/greenwise.vn\/en\/#\/schema\/logo\/image\/","url":"https:\/\/greenwise.vn\/wp-content\/uploads\/2025\/05\/cropped-cropped-Thiet-ke-chua-co-ten-3.png","contentUrl":"https:\/\/greenwise.vn\/wp-content\/uploads\/2025\/05\/cropped-cropped-Thiet-ke-chua-co-ten-3.png","width":194,"height":55,"caption":"GreenWise"},"image":{"@id":"https:\/\/greenwise.vn\/en\/#\/schema\/logo\/image\/"}}]}},"_links":{"self":[{"href":"https:\/\/greenwise.vn\/en\/wp-json\/wp\/v2\/product\/11063","targetHints":{"allow":["GET"]}}],"collection":[{"href":"https:\/\/greenwise.vn\/en\/wp-json\/wp\/v2\/product"}],"about":[{"href":"https:\/\/greenwise.vn\/en\/wp-json\/wp\/v2\/types\/product"}],"version-history":[{"count":1,"href":"https:\/\/greenwise.vn\/en\/wp-json\/wp\/v2\/product\/11063\/revisions"}],"predecessor-version":[{"id":12013,"href":"https:\/\/greenwise.vn\/en\/wp-json\/wp\/v2\/product\/11063\/revisions\/12013"}],"wp:featuredmedia":[{"embeddable":true,"href":"https:\/\/greenwise.vn\/en\/wp-json\/wp\/v2\/media\/10955"}],"wp:attachment":[{"href":"https:\/\/greenwise.vn\/en\/wp-json\/wp\/v2\/media?parent=11063"}],"wp:term":[{"taxonomy":"product_cat","embeddable":true,"href":"https:\/\/greenwise.vn\/en\/wp-json\/wp\/v2\/product_cat?post=11063"}],"curies":[{"name":"wp","href":"https:\/\/api.w.org\/{rel}","templated":true}]}}